




{"id":913,"date":"2021-04-23T11:51:35","date_gmt":"2021-04-23T09:51:35","guid":{"rendered":"https:\/\/185.65.81.164\/portail\/?page_id=913"},"modified":"2021-06-09T14:49:19","modified_gmt":"2021-06-09T12:49:19","slug":"open-data","status":"publish","type":"page","link":"https:\/\/bdt.gers.fr\/portail\/services\/open-data\/","title":{"rendered":"Open Data"},"content":{"rendered":"<div>\n<div class=\"container-fluid ng-scope\">\n<div class=\"ods-box\">\n<h3>L\u2019engagement de la collectivit\u00e9<\/h3>\n<p>Par d\u00e9lib\u00e9ration de l\u2019Assembl\u00e9e du 29 mars 2013 , le D\u00e9partement du Gers s\u2019est engag\u00e9 dans une d\u00e9marche d\u2019 <em> Open Data <\/em> visant \u00e0 diffuser les donn\u00e9es publiques d\u00e9tenues par la collectivit\u00e9 pour qu\u2019elles b\u00e9n\u00e9ficient \u00e0 tous : citoyens, associations, entreprises:<\/p>\n<p>Cette action s\u2019inscrit dans le cadre de l\u2019acte II de l\u2019Agenda 21 d\u00e9partemental en vue d\u2019 <em> \u00ab\u00a0assurer la structuration et le partage d\u2019informations et de donn\u00e9es publiques \u00e0 destination des citoyen du Gers <\/em> \u00ab\u00a0. Elle entend proposer un nouveau service public \u00e0 la disposition des professionnels de la manipulation des donn\u00e9es mais aussi du grand public pour s\u2019informer, s\u2019approprier les donn\u00e9es et contribuer \u00e0 cette dynamique. La r\u00e9utilisation des donn\u00e9es libres par le plus grand nombre est porteuse d\u2019innovation sociale et \u00e9conomique et source de nouvelle valeur ajout\u00e9e.<\/p>\n<h3>Les donn\u00e9es \u00e9ligibles \u00e0 la diffusion publique<\/h3>\n<p>La liste des donn\u00e9es que le D\u00e9partement propose de diffuser reprend les th\u00e9matiques qui correspondent aux principaux domaines d\u2019interventions de notre collectivit\u00e9 au quotidien : le d\u00e9veloppement durable, les \u00e9quipements et services, la culture et les loisirs. Il s\u2019agit, conform\u00e9ment \u00e0 la r\u00e9glementation, des donn\u00e9es qui ne contiennent aucune information \u00e0 caract\u00e8re personnel. Elles sont progressivement accessibles par Internet depuis 2015.<\/p>\n<h3>La licence<\/h3>\n<p>Sauf mention contraire, les donn\u00e9es lib\u00e9r\u00e9es par le Conseil D\u00e9partemental du Gers sont sous <a href=\"https:\/\/www.etalab.gouv.fr\/licence-ouverte-open-licence\"> Licence ouverte <\/a> .<br \/>\nLe D\u00e9partement a ainsi fait le choix d\u2019une licence qui favorise une grande libert\u00e9 de r\u00e9utilisation des informations, une exigence de transparence et une opportunit\u00e9 de mutualisation pour les autres donn\u00e9es publiques.<br \/>\nLe D\u00e9partement s\u2019inscrit ainsi dans la d\u00e9marche d\u2019Open Data France et de la mission Etalab.<\/p>\n<h3>L\u2019adh\u00e9sion au mouvement national<\/h3>\n<p>En effet, d\u00e8s 2015, le D\u00e9partement du Gers a pris la d\u00e9cision de rejoindre l\u2019association Open Data France afin de renforcer ses \u00e9changes avec les collectivit\u00e9s fran\u00e7aises engag\u00e9es dans l\u2019Open Data et de participer aux d\u00e9marches d\u2019ouverture des donn\u00e9es \u00e0 l\u2019\u00e9chelon national.<\/p>\n<h3>Le projet r\u00e9gional<\/h3>\n<p>La R\u00e9gion Occitanie s\u2019est lanc\u00e9e en 2018 dans un projet mutualis\u00e9 structurant de l\u2019Open Data sur son territoire.<br \/>\nLes objectifs sont les suivants :<\/p>\n<ul>\n<li>diffuser ses propres donn\u00e9es sur leur site <a href=\"https:\/\/data.laregion.fr\/pages\/accueil\/\" target=\"_blank\" rel=\"noopener\"> data.laregion.fr <\/a> ,<\/li>\n<li>mettre gratuitement ce site \u00e0 la disposition des autres collectivit\u00e9s de son territoire en \u00ab marque blanche \u00bb afin de leur laisser une totale ind\u00e9pendance sur le graphisme,<\/li>\n<li>animer le r\u00e9seau d\u2019acteurs associ\u00e9s au projet d\u2019Open Data R\u00e9gional afin d\u2019une part d\u2019\u00e9changer des exp\u00e9riences, co-constuire des formats de donn\u00e9es et faciliter leur r\u00e9utilisation par le secteur priv\u00e9.<\/li>\n<\/ul>\n<p>Le projet R\u00e9gional pr\u00e9voit que les d\u00e9partements relaient cette m\u00eame d\u00e9marche sur leur territoire afin de promouvoir l\u2019Open Data au plus pr\u00e8s des collectivit\u00e9s en les y accompagnant au mieux.<br \/>\nPar D\u00e9lib\u00e9ration du 22 F\u00e9vrier 2019, le Conseil D\u00e9partemental du Gers a choisi d\u2019adh\u00e9rer \u00e0 ce projet R\u00e9gional.<br \/>\nCela va se traduire, outre la signature de ladite convention, par la mise en ligne au 25 Juin 2019 d\u2019une nouvelle plateforme de diffusion des donn\u00e9es sur la base de l\u2019outil mis \u00e0 disposition par la R\u00e9gion.<br \/>\nConcernant plus particuli\u00e8rement l\u2019accompagnement des collectivit\u00e9s gersoises, le D\u00e9partement portera une offre d\u2019ing\u00e9nierie dans le cadre de son projet relatif \u00e0 la Banque de Donn\u00e9es Territoriales bdt.gers.fr .<br \/>\nEn effet, ce dernier r\u00e9unissant d\u00e9j\u00e0 les acteurs publics locaux autour du partage de donn\u00e9es g\u00e9ographiques, l\u2019assistance \u00e0 l\u2019open data sera un nouveau service compl\u00e9mentaire \u00e0 ceux d\u00e9j\u00e0 propos\u00e9s aux collectivit\u00e9s.<\/p>\n<div class=\"divider\"><\/div>\n<p style=\"text-align: center;\"><a href=\"https:\/\/data.gers.fr\/\" target=\"_blank\" class=\"button btn-large\">Aller sur le site des Donn\u00e9es Ouvertes dans le Gers<\/a><\/p>\n<\/div>\n<\/div>\n<\/div>\n","protected":false},"excerpt":{"rendered":"<p>L\u2019engagement de la collectivit\u00e9 Par d\u00e9lib\u00e9ration de l\u2019Assembl\u00e9e du 29 mars 2013 , le D\u00e9partement du Gers s\u2019est engag\u00e9 dans une d\u00e9marche d\u2019 Open Data visant \u00e0 diffuser les donn\u00e9es&#8230;<\/p>\n","protected":false},"author":5,"featured_media":0,"parent":446,"menu_order":240,"comment_status":"closed","ping_status":"closed","template":"","meta":[],"_links":{"self":[{"href":"https:\/\/bdt.gers.fr\/portail\/wp-json\/wp\/v2\/pages\/913"}],"collection":[{"href":"https:\/\/bdt.gers.fr\/portail\/wp-json\/wp\/v2\/pages"}],"about":[{"href":"https:\/\/bdt.gers.fr\/portail\/wp-json\/wp\/v2\/types\/page"}],"author":[{"embeddable":true,"href":"https:\/\/bdt.gers.fr\/portail\/wp-json\/wp\/v2\/users\/5"}],"replies":[{"embeddable":true,"href":"https:\/\/bdt.gers.fr\/portail\/wp-json\/wp\/v2\/comments?post=913"}],"version-history":[{"count":17,"href":"https:\/\/bdt.gers.fr\/portail\/wp-json\/wp\/v2\/pages\/913\/revisions"}],"predecessor-version":[{"id":1181,"href":"https:\/\/bdt.gers.fr\/portail\/wp-json\/wp\/v2\/pages\/913\/revisions\/1181"}],"up":[{"embeddable":true,"href":"https:\/\/bdt.gers.fr\/portail\/wp-json\/wp\/v2\/pages\/446"}],"wp:attachment":[{"href":"https:\/\/bdt.gers.fr\/portail\/wp-json\/wp\/v2\/media?parent=913"}],"curies":[{"name":"wp","href":"https:\/\/api.w.org\/{rel}","templated":true}]}}