




{"id":772,"date":"2021-04-23T11:36:04","date_gmt":"2021-04-23T09:36:04","guid":{"rendered":"https:\/\/bdt.gers.fr\/portail\/?page_id=772"},"modified":"2021-06-09T14:48:35","modified_gmt":"2021-06-09T12:48:35","slug":"observatoire","status":"publish","type":"page","link":"https:\/\/bdt.gers.fr\/portail\/services\/observatoire\/","title":{"rendered":"Observatoire"},"content":{"rendered":"<h2>Observatoire du Gers<\/h2>\n<p>Cet outil en ligne et disponible librement permet d&rsquo;afficher et d&rsquo;interroger plus de 3700 indicateurs issus des bases INSEE.<\/p>\n<p>Pour ce faire, les donn\u00e9es sont class\u00e9es en 13 cat\u00e9gories:<\/p>\n<ul>\n<li>Population<\/li>\n<li>\u00c9quipements<\/li>\n<li>Emploi<\/li>\n<li>Formation et \u00e9ducation<\/li>\n<li>Logements<\/li>\n<li>M\u00e9nages<\/li>\n<li>Protection et aides sociales<\/li>\n<li>Entreprises<\/li>\n<li>Fiscalit\u00e9<\/li>\n<li>Agriculture<\/li>\n<li>Donn\u00e9es \u00e9lectorales<\/li>\n<li>Imp\u00f4ts<\/li>\n<li>Territoires<\/li>\n<\/ul>\n<p>La visualisation peut se faire sur un fond cartographique ou directement dans un tableau. L&rsquo;export des donn\u00e9es est accessible, ainsi qu&rsquo;un import de fichier afin de r\u00e9aliser vos propres rapports.<\/p>\n<div class=\"divider\"><\/div>\n<p style=\"text-align: center;\"><a href=\"https:\/\/observatoire.gers.fr\/\" target=\"_blank\" class=\"button btn-large\">Aller sur l&rsquo;Observatoire<\/a><\/p>\n","protected":false},"excerpt":{"rendered":"<p>Observatoire du Gers Cet outil en ligne et disponible librement permet d&rsquo;afficher et d&rsquo;interroger plus de 3700 indicateurs issus des bases INSEE. Pour ce faire, les donn\u00e9es sont class\u00e9es en&#8230;<\/p>\n","protected":false},"author":2,"featured_media":0,"parent":446,"menu_order":230,"comment_status":"closed","ping_status":"closed","template":"","meta":[],"_links":{"self":[{"href":"https:\/\/bdt.gers.fr\/portail\/wp-json\/wp\/v2\/pages\/772"}],"collection":[{"href":"https:\/\/bdt.gers.fr\/portail\/wp-json\/wp\/v2\/pages"}],"about":[{"href":"https:\/\/bdt.gers.fr\/portail\/wp-json\/wp\/v2\/types\/page"}],"author":[{"embeddable":true,"href":"https:\/\/bdt.gers.fr\/portail\/wp-json\/wp\/v2\/users\/2"}],"replies":[{"embeddable":true,"href":"https:\/\/bdt.gers.fr\/portail\/wp-json\/wp\/v2\/comments?post=772"}],"version-history":[{"count":8,"href":"https:\/\/bdt.gers.fr\/portail\/wp-json\/wp\/v2\/pages\/772\/revisions"}],"predecessor-version":[{"id":1180,"href":"https:\/\/bdt.gers.fr\/portail\/wp-json\/wp\/v2\/pages\/772\/revisions\/1180"}],"up":[{"embeddable":true,"href":"https:\/\/bdt.gers.fr\/portail\/wp-json\/wp\/v2\/pages\/446"}],"wp:attachment":[{"href":"https:\/\/bdt.gers.fr\/portail\/wp-json\/wp\/v2\/media?parent=772"}],"curies":[{"name":"wp","href":"https:\/\/api.w.org\/{rel}","templated":true}]}}