




{"id":341,"date":"2021-03-02T11:31:31","date_gmt":"2021-03-02T10:31:31","guid":{"rendered":"https:\/\/bdt.gers.fr\/portail\/?page_id=341"},"modified":"2021-07-07T15:14:45","modified_gmt":"2021-07-07T13:14:45","slug":"zonages-administratifs-et-politiques","status":"publish","type":"page","link":"https:\/\/bdt.gers.fr\/portail\/carto\/zonages-administratifs-et-politiques\/","title":{"rendered":"Zonages administratifs et politiques"},"content":{"rendered":"<div class='w3eden'>\n<div class=''>\n<form method=\"get\" class=\"\" data-container=\"#content_wpdm_package_1\" id=\"sc_form_wpdm_package_1\" style=\"margin-bottom: 15px\">\n<div class=\"card panel panel-default wpdm-shortcode-toolbar\">\n<div class=\"card-body panel-body\">\n<div class=\"row\">\n<div class=\"col-lg-6 col-md-12\">\n                            <input type=\"search\" name=\"skw\" value=\"\" placeholder=\"Recherche par mots cl\u00e9s\u2026\" class=\"form-control\" \/>\n                        <\/div>\n<div class=\"col-lg-2 col-md-4\">\n                            <select name=\"orderby\" class=\"wpdm-custom-select custom-select\"><option value=\"date\" disabled=\"disabled\">Trier par\u00a0:<\/option><option value=\"date\" >Date de publication<\/option><option value=\"title\" >Titre<\/option><option value=\"update_date\" >Date de mise \u00e0 jour<\/option><option value=\"downloads\" >T\u00e9l\u00e9chargements<\/option><option value=\"views\" >Vues<\/option><\/select>\n                        <\/div>\n<div class=\"col-lg-2 col-md-4\">\n                            <select name=\"order\" class=\"wpdm-custom-select custom-select\"><option value=\"desc\" disabled=\"disabled\">Tri\u00a0:<\/option><option value=\"desc\" >D\u00e9croissant<\/option><option value=\"asc\" >Croissant<\/option><\/select>\n                        <\/div>\n<div class=\"col-lg-2 col-md-4\">\n                            <button type=\"submit\" class=\"btn btn-info btn-block\">Appliquer le filtre<\/button>\n                        <\/div>\n<\/p><\/div>\n<\/p><\/div>\n<\/p><\/div>\n<\/p><\/form>\n<div class=\"spacer mb-3 d-block clearfix\"><\/div>\n<div id=\"content_wpdm_package_1\">\n<div class='row'>\n<div class='col-lg-6 col-md-6 col-12'><!-- WPDM Link Template: Default Template (Extended) --><\/p>\n<div class=\"card card-default\">\n<div class=\"card-body\">\n<div class=\"media\">\n<div class=\"pull-left\"><img class=\"wpdm_icon\" alt=\"Ic\u00f4ne\"   src=\"https:\/\/bdt.gers.fr\/portail\/wp-content\/uploads\/mini_Pays_2015.jpg\" \/><\/div>\n<div class=\"media-body\"><strong class=\"ptitle\">PETR en 2026<\/strong><\/p>\n<p>Carte des P\u00f4les d\u2019\u00c9quilibre Territoriaux et Ruraux en 2026<\/p>\n<div><strong><a class='wpdm-download-link download-on-click btn btn-primary ' rel='nofollow' href='#' data-downloadurl=\"https:\/\/bdt.gers.fr\/portail\/download\/pays-2015\/?wpdmdl=693&refresh=6a0080ec89b671778417900\">T\u00e9l\u00e9charger<\/a><\/strong><\/div>\n<\/p><\/div>\n<\/p><\/div>\n<\/p><\/div>\n<div class=\"card-footer\"><span class=\"pull-right\">250 downloads<\/span>3.20 MB<\/div>\n<\/div>\n<\/div>\n<div class='col-lg-6 col-md-6 col-12'><!-- WPDM Link Template: Default Template (Extended) --><\/p>\n<div class=\"card card-default\">\n<div class=\"card-body\">\n<div class=\"media\">\n<div class=\"pull-left\"><img class=\"wpdm_icon\" alt=\"Ic\u00f4ne\"   src=\"https:\/\/bdt.gers.fr\/portail\/wp-content\/uploads\/min_2015_conseillers.jpg\" \/><\/div>\n<div class=\"media-body\"><strong class=\"ptitle\">Cantons et noms des conseillers d\u00e9partementaux en 2015<\/strong><\/p>\n<div>\n<p>Noms et photos des conseillers d\u00e9partementaux pour l\u2019ann\u00e9e 2015 .<\/p>\n<p>Carte r\u00e9alis\u00e9e par le service NTIC (r\u00e9vis\u00e9e en 2018). Format d\u2019impression A3.<\/p>\n<\/div>\n<div><strong><a class='wpdm-download-link download-on-click btn btn-primary ' rel='nofollow' href='#' data-downloadurl=\"https:\/\/bdt.gers.fr\/portail\/download\/elus-2018\/?wpdmdl=697&refresh=6a0080ec8c2b41778417900\">T\u00e9l\u00e9charger<\/a><\/strong><\/div>\n<\/p><\/div>\n<\/p><\/div>\n<\/p><\/div>\n<div class=\"card-footer\"><span class=\"pull-right\">147 downloads<\/span>2.79 MB<\/div>\n<\/div>\n<\/div>\n<div class='col-lg-6 col-md-6 col-12'><!-- WPDM Link Template: Default Template (Extended) --><\/p>\n<div class=\"card card-default\">\n<div class=\"card-body\">\n<div class=\"media\">\n<div class=\"pull-left\"><img class=\"wpdm_icon\" alt=\"Ic\u00f4ne\"   src=\"https:\/\/bdt.gers.fr\/portail\/wp-content\/uploads\/2016decoupage_territorial.jpeg\" \/><\/div>\n<div class=\"media-body\"><strong class=\"ptitle\">D\u00e9coupage territorial 2025<\/strong><\/p>\n<p>D\u00e9coupage territorial valide au 1er janvier 2025.<\/p>\n<div><strong><a class='wpdm-download-link download-on-click btn btn-primary ' rel='nofollow' href='#' data-downloadurl=\"https:\/\/bdt.gers.fr\/portail\/download\/decoupage-territorial-2023-2\/?wpdmdl=1725&refresh=6a0080ec8de281778417900\">T\u00e9l\u00e9charger<\/a><\/strong><\/div>\n<\/p><\/div>\n<\/p><\/div>\n<\/p><\/div>\n<div class=\"card-footer\"><span class=\"pull-right\">150 downloads<\/span>2.63 MB<\/div>\n<\/div>\n<\/div>\n<div class='col-lg-6 col-md-6 col-12'><!-- WPDM Link Template: Default Template (Extended) --><\/p>\n<div class=\"card card-default\">\n<div class=\"card-body\">\n<div class=\"media\">\n<div class=\"pull-left\"><img class=\"wpdm_icon\" alt=\"Ic\u00f4ne\"   src=\"https:\/\/bdt.gers.fr\/portail\/wp-content\/uploads\/2016decoupage_territorial.jpeg\" \/><\/div>\n<div class=\"media-body\"><strong class=\"ptitle\">D\u00e9coupage territorial 2023<\/strong><\/p>\n<p>D\u00e9coupage territorial valide au 1er mai 2023.<\/p>\n<div><strong><a class='wpdm-download-link download-on-click btn btn-primary ' rel='nofollow' href='#' data-downloadurl=\"https:\/\/bdt.gers.fr\/portail\/download\/decoupage-territorial-2023\/?wpdmdl=1647&refresh=6a0080ec8f1b21778417900\">T\u00e9l\u00e9charger<\/a><\/strong><\/div>\n<\/p><\/div>\n<\/p><\/div>\n<\/p><\/div>\n<div class=\"card-footer\"><span class=\"pull-right\">419 downloads<\/span>2.63 MB<\/div>\n<\/div>\n<\/div>\n<div class='col-lg-6 col-md-6 col-12'><!-- WPDM Link Template: Default Template (Extended) --><\/p>\n<div class=\"card card-default\">\n<div class=\"card-body\">\n<div class=\"media\">\n<div class=\"pull-left\"><img class=\"wpdm_icon\" alt=\"Ic\u00f4ne\"   src=\"https:\/\/bdt.gers.fr\/portail\/wp-content\/uploads\/2016decoupage_territorial.jpeg\" \/><\/div>\n<div class=\"media-body\"><strong class=\"ptitle\">D\u00e9coupage territorial 2019<\/strong><\/p>\n<p>D\u00e9coupage territorial valide au 1er janvier 2019.<\/p>\n<div><strong><a class='wpdm-download-link download-on-click btn btn-primary ' rel='nofollow' href='#' data-downloadurl=\"https:\/\/bdt.gers.fr\/portail\/download\/decoupage-territorial-2019\/?wpdmdl=691&refresh=6a0080ec904931778417900\">T\u00e9l\u00e9charger<\/a><\/strong><\/div>\n<\/p><\/div>\n<\/p><\/div>\n<\/p><\/div>\n<div class=\"card-footer\"><span class=\"pull-right\">212 downloads<\/span>2.63 MB<\/div>\n<\/div>\n<\/div>\n<div class='col-lg-6 col-md-6 col-12'><!-- WPDM Link Template: Default Template (Extended) --><\/p>\n<div class=\"card card-default\">\n<div class=\"card-body\">\n<div class=\"media\">\n<div class=\"pull-left\"><img class=\"wpdm_icon\" alt=\"Ic\u00f4ne\"   src=\"https:\/\/bdt.gers.fr\/portail\/wp-content\/uploads\/thumb__2017decoup_territ.jpeg\" \/><\/div>\n<div class=\"media-body\"><strong class=\"ptitle\">D\u00e9coupage territorial 2018<\/strong><\/p>\n<p>D\u00e9coupage territorial valide au 1er janvier 2018.<\/p>\n<div><strong><a class='wpdm-download-link download-on-click btn btn-primary ' rel='nofollow' href='#' data-downloadurl=\"https:\/\/bdt.gers.fr\/portail\/download\/decoupage-territorial-2018\/?wpdmdl=690&refresh=6a0080ec920551778417900\">T\u00e9l\u00e9charger<\/a><\/strong><\/div>\n<\/p><\/div>\n<\/p><\/div>\n<\/p><\/div>\n<div class=\"card-footer\"><span class=\"pull-right\">41 downloads<\/span>3.39 MB<\/div>\n<\/div>\n<\/div>\n<div class='col-lg-6 col-md-6 col-12'><!-- WPDM Link Template: Default Template (Extended) --><\/p>\n<div class=\"card card-default\">\n<div class=\"card-body\">\n<div class=\"media\">\n<div class=\"pull-left\"><img class=\"wpdm_icon\" alt=\"Ic\u00f4ne\"   src=\"https:\/\/bdt.gers.fr\/portail\/wp-content\/uploads\/thumb__2017decoup_territ.jpeg\" \/><\/div>\n<div class=\"media-body\"><strong class=\"ptitle\">D\u00e9coupage territorial 2017<\/strong><\/p>\n<p>D\u00e9coupage territorial valide au 1er janvier 2017.<\/p>\n<div><strong><a class='wpdm-download-link download-on-click btn btn-primary ' rel='nofollow' href='#' data-downloadurl=\"https:\/\/bdt.gers.fr\/portail\/download\/decoupage-territorial-2017\/?wpdmdl=689&refresh=6a0080ec93ab21778417900\">T\u00e9l\u00e9charger<\/a><\/strong><\/div>\n<\/p><\/div>\n<\/p><\/div>\n<\/p><\/div>\n<div class=\"card-footer\"><span class=\"pull-right\">31 downloads<\/span>1.22 MB<\/div>\n<\/div>\n<\/div>\n<div class='col-lg-6 col-md-6 col-12'><!-- WPDM Link Template: Default Template (Extended) --><\/p>\n<div class=\"card card-default\">\n<div class=\"card-body\">\n<div class=\"media\">\n<div class=\"pull-left\"><img class=\"wpdm_icon\" alt=\"Ic\u00f4ne\"   src=\"https:\/\/bdt.gers.fr\/portail\/wp-content\/uploads\/2016decoupage_territorial.jpeg\" \/><\/div>\n<div class=\"media-body\"><strong class=\"ptitle\">D\u00e9coupage territorial 2016<\/strong><\/p>\n<p>D\u00e9coupage territorial valide au 1er janvier 2016.<\/p>\n<div><strong><a class='wpdm-download-link download-on-click btn btn-primary ' rel='nofollow' href='#' data-downloadurl=\"https:\/\/bdt.gers.fr\/portail\/download\/decoupage-territorial-2016\/?wpdmdl=692&refresh=6a0080ec9651a1778417900\">T\u00e9l\u00e9charger<\/a><\/strong><\/div>\n<\/p><\/div>\n<\/p><\/div>\n<\/p><\/div>\n<div class=\"card-footer\"><span class=\"pull-right\">27 downloads<\/span>1.24 MB<\/div>\n<\/div>\n<\/div>\n<div class='col-lg-6 col-md-6 col-12'><!-- WPDM Link Template: Default Template (Extended) --><\/p>\n<div class=\"card card-default\">\n<div class=\"card-body\">\n<div class=\"media\">\n<div class=\"pull-left\"><img class=\"wpdm_icon\" alt=\"Ic\u00f4ne\"   src=\"https:\/\/bdt.gers.fr\/portail\/wp-content\/uploads\/min_2015_decoup.jpg\" \/><\/div>\n<div class=\"media-body\"><strong class=\"ptitle\">D\u00e9coupage territorial 2015<\/strong><\/p>\n<p>D\u00e9coupage territorial valide au 1er janvier 2015.<\/p>\n<div><strong><a class='wpdm-download-link download-on-click btn btn-primary ' rel='nofollow' href='#' data-downloadurl=\"https:\/\/bdt.gers.fr\/portail\/download\/decoupage-territorial-2015\/?wpdmdl=685&refresh=6a0080ec98d3e1778417900\">T\u00e9l\u00e9charger<\/a><\/strong><\/div>\n<\/p><\/div>\n<\/p><\/div>\n<\/p><\/div>\n<div class=\"card-footer\"><span class=\"pull-right\">36 downloads<\/span>1.27 MB<\/div>\n<\/div>\n<\/div>\n<div class='col-lg-6 col-md-6 col-12'><!-- WPDM Link Template: Default Template (Extended) --><\/p>\n<div class=\"card card-default\">\n<div class=\"card-body\">\n<div class=\"media\">\n<div class=\"pull-left\"><img class=\"wpdm_icon\" alt=\"Ic\u00f4ne\"   src=\"https:\/\/bdt.gers.fr\/portail\/wp-content\/uploads\/min_Pays_EPCI_A3_2014.jpg\" \/><\/div>\n<div class=\"media-body\"><strong class=\"ptitle\">D\u00e9coupage territorial 2014<\/strong><\/p>\n<div>\n<p>D\u00e9coupage territorial valide au 1er janvier 2014.<\/p>\n<\/div>\n<div><strong><a class='wpdm-download-link download-on-click btn btn-primary ' rel='nofollow' href='#' data-downloadurl=\"https:\/\/bdt.gers.fr\/portail\/download\/decoupage-territorial-2014\/?wpdmdl=683&refresh=6a0080ec9b1551778417900\">T\u00e9l\u00e9charger<\/a><\/strong><\/div>\n<\/p><\/div>\n<\/p><\/div>\n<\/p><\/div>\n<div class=\"card-footer\"><span class=\"pull-right\">27 downloads<\/span>1.22 MB<\/div>\n<\/div>\n<\/div>\n<\/div>\n<div style='clear:both'><\/div>\n<div class='text-center'>\n<ul class='pagination wpdm-pagination pagination-centered text-center'>\n<li><span aria-current=\"page\" class=\"page-numbers current\">1<\/span><\/li>\n<li><a data-container='#content_wpdm_package_1' class=\"page-numbers\" href=\"https:\/\/bdt.gers.fr\/portail\/wp-json\/wp\/v2\/pages\/341\/?cp=2\">2<\/a><\/li>\n<li><a data-container='#content_wpdm_package_1' class=\"page-numbers\" href=\"https:\/\/bdt.gers.fr\/portail\/wp-json\/wp\/v2\/pages\/341\/?cp=3\">3<\/a><\/li>\n<li><a data-container='#content_wpdm_package_1' class=\"next page-numbers\" href=\"https:\/\/bdt.gers.fr\/portail\/wp-json\/wp\/v2\/pages\/341\/?cp=2\"> <i style=\"display: inline-block;width: 8px;height: 8px;border-right: 2px solid;border-top: 2px solid;transform: rotate(45deg);margin-left: -2px;margin-top: -2px;\"><\/i> <\/a><\/li>\n<\/ul>\n<\/div>\n<div style='clear:both'><\/div>\n<\/p><\/div>\n<div style='clear:both'><\/div>\n<\/p><\/div>\n<\/div>\n","protected":false},"excerpt":{"rendered":"","protected":false},"author":2,"featured_media":0,"parent":258,"menu_order":0,"comment_status":"closed","ping_status":"closed","template":"","meta":[],"_links":{"self":[{"href":"https:\/\/bdt.gers.fr\/portail\/wp-json\/wp\/v2\/pages\/341"}],"collection":[{"href":"https:\/\/bdt.gers.fr\/portail\/wp-json\/wp\/v2\/pages"}],"about":[{"href":"https:\/\/bdt.gers.fr\/portail\/wp-json\/wp\/v2\/types\/page"}],"author":[{"embeddable":true,"href":"https:\/\/bdt.gers.fr\/portail\/wp-json\/wp\/v2\/users\/2"}],"replies":[{"embeddable":true,"href":"https:\/\/bdt.gers.fr\/portail\/wp-json\/wp\/v2\/comments?post=341"}],"version-history":[{"count":11,"href":"https:\/\/bdt.gers.fr\/portail\/wp-json\/wp\/v2\/pages\/341\/revisions"}],"predecessor-version":[{"id":1373,"href":"https:\/\/bdt.gers.fr\/portail\/wp-json\/wp\/v2\/pages\/341\/revisions\/1373"}],"up":[{"embeddable":true,"href":"https:\/\/bdt.gers.fr\/portail\/wp-json\/wp\/v2\/pages\/258"}],"wp:attachment":[{"href":"https:\/\/bdt.gers.fr\/portail\/wp-json\/wp\/v2\/media?parent=341"}],"curies":[{"name":"wp","href":"https:\/\/api.w.org\/{rel}","templated":true}]}}