




{"id":333,"date":"2021-03-02T11:30:35","date_gmt":"2021-03-02T10:30:35","guid":{"rendered":"https:\/\/bdt.gers.fr\/portail\/?page_id=333"},"modified":"2021-03-04T00:16:24","modified_gmt":"2021-03-03T23:16:24","slug":"routes-et-transports","status":"publish","type":"page","link":"https:\/\/bdt.gers.fr\/portail\/carto\/routes-et-transports\/","title":{"rendered":"Routes et Transports"},"content":{"rendered":"<div class='w3eden'>\n<div class=''>\n<form method=\"get\" class=\"\" data-container=\"#content_wpdm_package_1\" id=\"sc_form_wpdm_package_1\" style=\"margin-bottom: 15px\">\n<div class=\"panel panel-default card category-panel wpdm-shortcode-toolbar\">\n<div class=\"panel-body card-body\">\n<div class=\"media\">\n<div class=\"mr-3\">\n                                                    <\/div>\n<div class=\"media-body\">\n<h3 style=\"margin: 0\">Routes et Transports<\/h3>\n<p>                            Recherche                        <\/p><\/div>\n<\/p><\/div>\n<\/p><\/div>\n<div class=\"panel-footer card-footer\">\n<div class=\"row\">\n<div class=\"col-lg-6 col-md-12\">\n                            <input type=\"text\" name=\"skw\" value=\"\" placeholder=\"Recherche par mots cl\u00e9s\u2026\" class=\"form-control\" \/>\n                        <\/div>\n<div class=\"col-lg-2 col-md-4\">\n                            <select name=\"orderby\" class=\"wpdm-custom-select custom-select\"><option value=\"date\" disabled=\"disabled\">Trier par\u00a0:<\/option><option value=\"date\" >Date de publication<\/option><option value=\"title\" >Titre<\/option><option value=\"update_date\" >Date de mise \u00e0 jour<\/option><option value=\"download_count\" >T\u00e9l\u00e9chargements<\/option><option value=\"view_count\" >Vues<\/option><\/select>\n                        <\/div>\n<div class=\"col-lg-2 col-md-4\">\n                            <select name=\"order\" class=\"wpdm-custom-select custom-select\"><option value=\"desc\" disabled=\"disabled\">Tri\u00a0:<\/option><option value=\"desc\" >D\u00e9croissant<\/option><option value=\"asc\" >Croissant<\/option><\/select>\n                        <\/div>\n<div class=\"col-lg-2 col-md-4\">\n                            <button type=\"submit\" class=\"btn btn-info btn-block\">Appliquer le filtre<\/button>\n                        <\/div>\n<\/p><\/div>\n<\/p><\/div>\n<\/p><\/div>\n<\/p><\/form>\n<div class=\"spacer mb-3 d-block clearfix\"><\/div>\n<div id=\"content_wpdm_package_1\">\n<div class='row'>\n<div class='col-lg-12 col-md-6 col-12'><!-- WPDM Link Template: Default Template (Extended) --><\/p>\n<div class=\"card card-default\">\n<div class=\"card-body\">\n<div class=\"media\">\n<div class=\"pull-left\"><img class=\"wpdm_icon\" alt=\"Ic\u00f4ne\"   src=\"https:\/\/bdt.gers.fr\/portail\/wp-content\/uploads\/min_OrganisationTerritoriale_DDI_SLA_SUBDI_A3.jpg\" \/><\/div>\n<div class=\"media-body\"><strong class=\"ptitle\">Organisation Territoriale de la DRM<\/strong><\/p>\n<p>Le Conseil D\u00e9partemental assure l\u2019entretien et la modernisation du r\u00e9seau routier d\u00e9partemental (RD). La Direction Routes et Mobilit\u00e9s s\u2019appuie sur une organisation territoriale pr\u00e9sente sur l\u2019ensemble du d\u00e9partement. Les Services Territoriaux Routiers (STR) et Subdivisions\u00a0 repr\u00e9sentent les \u00e9quipes territoriales qui conduisent ces travaux en r\u00e9gie d\u2019entretien et de modernisation.<\/p>\n<p>Format d\u2019impression A3.<\/p>\n<div><strong><a class='wpdm-download-link download-on-click btn btn-primary ' rel='nofollow' href='#' data-downloadurl=\"https:\/\/bdt.gers.fr\/portail\/download\/str-subdi\/?wpdmdl=556&refresh=6a0074c20e3fc1778414786\">T\u00e9l\u00e9charger<\/a><\/strong><\/div>\n<\/p><\/div>\n<\/p><\/div>\n<\/p><\/div>\n<div class=\"card-footer\"><span class=\"pull-right\">340 downloads<\/span>2.38 MB<\/div>\n<\/div>\n<\/div>\n<div class='col-lg-12 col-md-6 col-12'><!-- WPDM Link Template: Default Template (Extended) --><\/p>\n<div class=\"card card-default\">\n<div class=\"card-body\">\n<div class=\"media\">\n<div class=\"pull-left\"><img class=\"wpdm_icon\" alt=\"Ic\u00f4ne\"   src=\"https:\/\/bdt.gers.fr\/portail\/wp-content\/uploads\/min_cat_routes_A3.jpg\" \/><\/div>\n<div class=\"media-body\"><strong class=\"ptitle\">R\u00e9seau routier et communes<\/strong><\/p>\n<p>R\u00e9seau routier structurant et communes (\u00e9tiquet\u00e9es) du Gers.<\/p>\n<p>Impression optimale: A3<\/p>\n<div><strong><a class='wpdm-download-link download-on-click btn btn-primary ' rel='nofollow' href='#' data-downloadurl=\"https:\/\/bdt.gers.fr\/portail\/download\/reseau-routier-et-communes\/?wpdmdl=1710&refresh=6a0074c210ff61778414786\">T\u00e9l\u00e9charger<\/a><\/strong><\/div>\n<\/p><\/div>\n<\/p><\/div>\n<\/p><\/div>\n<div class=\"card-footer\"><span class=\"pull-right\">81 downloads<\/span>2.74 MB<\/div>\n<\/div>\n<\/div>\n<\/div>\n<div style='clear:both'><\/div>\n<div class='text-center'>\n<ul class='pagination wpdm-pagination pagination-centered text-center'><\/ul>\n<\/div>\n<div style='clear:both'><\/div>\n<\/p><\/div>\n<div style='clear:both'><\/div>\n<\/p><\/div>\n<\/div>\n","protected":false},"excerpt":{"rendered":"","protected":false},"author":2,"featured_media":0,"parent":258,"menu_order":0,"comment_status":"closed","ping_status":"closed","template":"","meta":[],"_links":{"self":[{"href":"https:\/\/bdt.gers.fr\/portail\/wp-json\/wp\/v2\/pages\/333"}],"collection":[{"href":"https:\/\/bdt.gers.fr\/portail\/wp-json\/wp\/v2\/pages"}],"about":[{"href":"https:\/\/bdt.gers.fr\/portail\/wp-json\/wp\/v2\/types\/page"}],"author":[{"embeddable":true,"href":"https:\/\/bdt.gers.fr\/portail\/wp-json\/wp\/v2\/users\/2"}],"replies":[{"embeddable":true,"href":"https:\/\/bdt.gers.fr\/portail\/wp-json\/wp\/v2\/comments?post=333"}],"version-history":[{"count":5,"href":"https:\/\/bdt.gers.fr\/portail\/wp-json\/wp\/v2\/pages\/333\/revisions"}],"predecessor-version":[{"id":794,"href":"https:\/\/bdt.gers.fr\/portail\/wp-json\/wp\/v2\/pages\/333\/revisions\/794"}],"up":[{"embeddable":true,"href":"https:\/\/bdt.gers.fr\/portail\/wp-json\/wp\/v2\/pages\/258"}],"wp:attachment":[{"href":"https:\/\/bdt.gers.fr\/portail\/wp-json\/wp\/v2\/media?parent=333"}],"curies":[{"name":"wp","href":"https:\/\/api.w.org\/{rel}","templated":true}]}}