




{"id":331,"date":"2021-03-02T11:30:11","date_gmt":"2021-03-02T10:30:11","guid":{"rendered":"https:\/\/bdt.gers.fr\/portail\/?page_id=331"},"modified":"2021-03-04T00:16:11","modified_gmt":"2021-03-03T23:16:11","slug":"plans","status":"publish","type":"page","link":"https:\/\/bdt.gers.fr\/portail\/carto\/plans\/","title":{"rendered":"Plans"},"content":{"rendered":"<div class='w3eden'>\n<div class=''>\n<form method=\"get\" class=\"\" data-container=\"#content_wpdm_package_1\" id=\"sc_form_wpdm_package_1\" style=\"margin-bottom: 15px\">\n<div class=\"panel panel-default card category-panel wpdm-shortcode-toolbar\">\n<div class=\"panel-body card-body\">\n<div class=\"media\">\n<div class=\"mr-3\">\n                                                    <\/div>\n<div class=\"media-body\">\n<h3 style=\"margin: 0\">Plans<\/h3>\n<p>                            Recherche                        <\/p><\/div>\n<\/p><\/div>\n<\/p><\/div>\n<div class=\"panel-footer card-footer\">\n<div class=\"row\">\n<div class=\"col-lg-6 col-md-12\">\n                            <input type=\"text\" name=\"skw\" value=\"\" placeholder=\"Recherche par mots cl\u00e9s\u2026\" class=\"form-control\" \/>\n                        <\/div>\n<div class=\"col-lg-2 col-md-4\">\n                            <select name=\"orderby\" class=\"wpdm-custom-select custom-select\"><option value=\"date\" disabled=\"disabled\">Trier par\u00a0:<\/option><option value=\"date\" >Date de publication<\/option><option value=\"title\" >Titre<\/option><option value=\"update_date\" >Date de mise \u00e0 jour<\/option><option value=\"download_count\" >T\u00e9l\u00e9chargements<\/option><option value=\"view_count\" >Vues<\/option><\/select>\n                        <\/div>\n<div class=\"col-lg-2 col-md-4\">\n                            <select name=\"order\" class=\"wpdm-custom-select custom-select\"><option value=\"desc\" disabled=\"disabled\">Tri\u00a0:<\/option><option value=\"desc\" >D\u00e9croissant<\/option><option value=\"asc\" >Croissant<\/option><\/select>\n                        <\/div>\n<div class=\"col-lg-2 col-md-4\">\n                            <button type=\"submit\" class=\"btn btn-info btn-block\">Appliquer le filtre<\/button>\n                        <\/div>\n<\/p><\/div>\n<\/p><\/div>\n<\/p><\/div>\n<\/p><\/form>\n<div class=\"spacer mb-3 d-block clearfix\"><\/div>\n<div id=\"content_wpdm_package_1\">\n<div class='row'>\n<div class='col-lg-12 col-md-6 col-12'><!-- WPDM Link Template: Default Template (Extended) --><\/p>\n<div class=\"card card-default\">\n<div class=\"card-body\">\n<div class=\"media\">\n<div class=\"pull-left\"><img class=\"wpdm_icon\" alt=\"Ic\u00f4ne\"   src=\"https:\/\/bdt.gers.fr\/portail\/wp-content\/plugins\/download-manager\/assets\/file-type-icons\/17_download_program.png\" \/><\/div>\n<div class=\"media-body\"><strong class=\"ptitle\">Plan de ville de Vic-Fezensac<\/strong><\/p>\n<div>\n<p>Format d\u2019impression A3, bas\u00e9 sur un fond OpenStreetMap.<\/p>\n<\/div>\n<div><strong><a class='wpdm-download-link download-on-click btn btn-primary ' rel='nofollow' href='#' data-downloadurl=\"https:\/\/bdt.gers.fr\/portail\/download\/vic-fezensca-a3-2023\/?wpdmdl=551&refresh=6a00747a3b2781778414714\">T\u00e9l\u00e9charger<\/a><\/strong><\/div>\n<\/p><\/div>\n<\/p><\/div>\n<\/p><\/div>\n<div class=\"card-footer\"><span class=\"pull-right\">179 downloads<\/span>2.76 MB<\/div>\n<\/div>\n<\/div>\n<div class='col-lg-12 col-md-6 col-12'><!-- WPDM Link Template: Default Template (Extended) --><\/p>\n<div class=\"card card-default\">\n<div class=\"card-body\">\n<div class=\"media\">\n<div class=\"pull-left\"><img class=\"wpdm_icon\" alt=\"Ic\u00f4ne\"   src=\"https:\/\/bdt.gers.fr\/portail\/wp-content\/plugins\/download-manager\/assets\/file-type-icons\/17_download_program.png\" \/><\/div>\n<div class=\"media-body\"><strong class=\"ptitle\">Plan de ville de Samatan<\/strong><\/p>\n<p>Format d\u2019impression A3, bas\u00e9 sur un fond OpenStreetMap.<\/p>\n<div><strong><a class='wpdm-download-link download-on-click btn btn-primary ' rel='nofollow' href='#' data-downloadurl=\"https:\/\/bdt.gers.fr\/portail\/download\/samatan-a3-2023\/?wpdmdl=550&refresh=6a00747a3d5fb1778414714\">T\u00e9l\u00e9charger<\/a><\/strong><\/div>\n<\/p><\/div>\n<\/p><\/div>\n<\/p><\/div>\n<div class=\"card-footer\"><span class=\"pull-right\">34 downloads<\/span>1.20 MB<\/div>\n<\/div>\n<\/div>\n<div class='col-lg-12 col-md-6 col-12'><!-- WPDM Link Template: Default Template (Extended) --><\/p>\n<div class=\"card card-default\">\n<div class=\"card-body\">\n<div class=\"media\">\n<div class=\"pull-left\"><img class=\"wpdm_icon\" alt=\"Ic\u00f4ne\"   src=\"https:\/\/bdt.gers.fr\/portail\/wp-content\/plugins\/download-manager\/assets\/file-type-icons\/17_download_program.png\" \/><\/div>\n<div class=\"media-body\"><strong class=\"ptitle\">Plan de ville de Riscle<\/strong><\/p>\n<p>Format d\u2019impression A3, bas\u00e9 sur un fond OpenStreetMap.<\/p>\n<div><strong><a class='wpdm-download-link download-on-click btn btn-primary ' rel='nofollow' href='#' data-downloadurl=\"https:\/\/bdt.gers.fr\/portail\/download\/riscle-a3-2023\/?wpdmdl=549&refresh=6a00747a3f1f91778414714\">T\u00e9l\u00e9charger<\/a><\/strong><\/div>\n<\/p><\/div>\n<\/p><\/div>\n<\/p><\/div>\n<div class=\"card-footer\"><span class=\"pull-right\">31 downloads<\/span>1.42 MB<\/div>\n<\/div>\n<\/div>\n<div class='col-lg-12 col-md-6 col-12'><!-- WPDM Link Template: Default Template (Extended) --><\/p>\n<div class=\"card card-default\">\n<div class=\"card-body\">\n<div class=\"media\">\n<div class=\"pull-left\"><img class=\"wpdm_icon\" alt=\"Ic\u00f4ne\"   src=\"https:\/\/bdt.gers.fr\/portail\/wp-content\/plugins\/download-manager\/assets\/file-type-icons\/17_download_program.png\" \/><\/div>\n<div class=\"media-body\"><strong class=\"ptitle\">Plan de ville de Mauvezin<\/strong><\/p>\n<p>Format d\u2019impression A3, bas\u00e9 sur un fond OpenStreetMap.<\/p>\n<div><strong><a class='wpdm-download-link download-on-click btn btn-primary ' rel='nofollow' href='#' data-downloadurl=\"https:\/\/bdt.gers.fr\/portail\/download\/plan-de-ville-de-mauvezin-2023\/?wpdmdl=1646&refresh=6a00747a40d661778414714\">T\u00e9l\u00e9charger<\/a><\/strong><\/div>\n<\/p><\/div>\n<\/p><\/div>\n<\/p><\/div>\n<div class=\"card-footer\"><span class=\"pull-right\">43 downloads<\/span>2.48 MB<\/div>\n<\/div>\n<\/div>\n<div class='col-lg-12 col-md-6 col-12'><!-- WPDM Link Template: Default Template (Extended) --><\/p>\n<div class=\"card card-default\">\n<div class=\"card-body\">\n<div class=\"media\">\n<div class=\"pull-left\"><img class=\"wpdm_icon\" alt=\"Ic\u00f4ne\"   src=\"https:\/\/bdt.gers.fr\/portail\/wp-content\/plugins\/download-manager\/assets\/file-type-icons\/17_download_program.png\" \/><\/div>\n<div class=\"media-body\"><strong class=\"ptitle\">Plan de ville de Lombez<\/strong><\/p>\n<p>Format d\u2019impression A3, bas\u00e9 sur un fond OpenStreetMap.<\/p>\n<div><strong><a class='wpdm-download-link download-on-click btn btn-primary ' rel='nofollow' href='#' data-downloadurl=\"https:\/\/bdt.gers.fr\/portail\/download\/plan-de-ville-de-lombez-2023\/?wpdmdl=1645&refresh=6a00747a41f9d1778414714\">T\u00e9l\u00e9charger<\/a><\/strong><\/div>\n<\/p><\/div>\n<\/p><\/div>\n<\/p><\/div>\n<div class=\"card-footer\"><span class=\"pull-right\">37 downloads<\/span>2.48 MB<\/div>\n<\/div>\n<\/div>\n<div class='col-lg-12 col-md-6 col-12'><!-- WPDM Link Template: Default Template (Extended) --><\/p>\n<div class=\"card card-default\">\n<div class=\"card-body\">\n<div class=\"media\">\n<div class=\"pull-left\"><img class=\"wpdm_icon\" alt=\"Ic\u00f4ne\"   src=\"https:\/\/bdt.gers.fr\/portail\/wp-content\/plugins\/download-manager\/assets\/file-type-icons\/17_download_program.png\" \/><\/div>\n<div class=\"media-body\"><strong class=\"ptitle\">Plan de ville de Plaisance<\/strong><\/p>\n<p>Format d\u2019impression A3, bas\u00e9 sur un fond OpenStreetMap.<\/p>\n<div><strong><a class='wpdm-download-link download-on-click btn btn-primary ' rel='nofollow' href='#' data-downloadurl=\"https:\/\/bdt.gers.fr\/portail\/download\/plaisance-a3-2023\/?wpdmdl=547&refresh=6a00747a431951778414714\">T\u00e9l\u00e9charger<\/a><\/strong><\/div>\n<\/p><\/div>\n<\/p><\/div>\n<\/p><\/div>\n<div class=\"card-footer\"><span class=\"pull-right\">28 downloads<\/span>1.70 MB<\/div>\n<\/div>\n<\/div>\n<div class='col-lg-12 col-md-6 col-12'><!-- WPDM Link Template: Default Template (Extended) --><\/p>\n<div class=\"card card-default\">\n<div class=\"card-body\">\n<div class=\"media\">\n<div class=\"pull-left\"><img class=\"wpdm_icon\" alt=\"Ic\u00f4ne\"   src=\"https:\/\/bdt.gers.fr\/portail\/wp-content\/plugins\/download-manager\/assets\/file-type-icons\/17_download_program.png\" \/><\/div>\n<div class=\"media-body\"><strong class=\"ptitle\">Plan de ville de Pavie<\/strong><\/p>\n<p>Format d\u2019impression A3, bas\u00e9 sur un fond OpenStreetMap.<\/p>\n<div><strong><a class='wpdm-download-link download-on-click btn btn-primary ' rel='nofollow' href='#' data-downloadurl=\"https:\/\/bdt.gers.fr\/portail\/download\/pavie-a3-2023\/?wpdmdl=553&refresh=6a00747a4410c1778414714\">T\u00e9l\u00e9charger<\/a><\/strong><\/div>\n<\/p><\/div>\n<\/p><\/div>\n<\/p><\/div>\n<div class=\"card-footer\"><span class=\"pull-right\">35 downloads<\/span>1.52 MB<\/div>\n<\/div>\n<\/div>\n<div class='col-lg-12 col-md-6 col-12'><!-- WPDM Link Template: Default Template (Extended) --><\/p>\n<div class=\"card card-default\">\n<div class=\"card-body\">\n<div class=\"media\">\n<div class=\"pull-left\"><img class=\"wpdm_icon\" alt=\"Ic\u00f4ne\"   src=\"https:\/\/bdt.gers.fr\/portail\/wp-content\/uploads\/min_PlanSiteHDD32_A4.jpg\" \/><\/div>\n<div class=\"media-body\"><strong class=\"ptitle\">Plan du site de l\u2019H\u00f4tel du D\u00e9partement<\/strong><\/p>\n<p>Plan du Site de l\u2019H\u00f4tel du D\u00e9partement du Gers \u00e0 Auch au 81, route de Pessan.<\/p>\n<div><strong><a class='wpdm-download-link download-on-click btn btn-primary ' rel='nofollow' href='#' data-downloadurl=\"https:\/\/bdt.gers.fr\/portail\/download\/parc-cd-2016\/?wpdmdl=554&refresh=6a00747a44f451778414714\">T\u00e9l\u00e9charger<\/a><\/strong><\/div>\n<\/p><\/div>\n<\/p><\/div>\n<\/p><\/div>\n<div class=\"card-footer\"><span class=\"pull-right\">157 downloads<\/span>453.19 KB<\/div>\n<\/div>\n<\/div>\n<div class='col-lg-12 col-md-6 col-12'><!-- WPDM Link Template: Default Template (Extended) --><\/p>\n<div class=\"card card-default\">\n<div class=\"card-body\">\n<div class=\"media\">\n<div class=\"pull-left\"><img class=\"wpdm_icon\" alt=\"Ic\u00f4ne\"   src=\"https:\/\/bdt.gers.fr\/portail\/wp-content\/plugins\/download-manager\/assets\/file-type-icons\/17_download_program.png\" \/><\/div>\n<div class=\"media-body\"><strong class=\"ptitle\">Plan de ville de Nogaro<\/strong><\/p>\n<p>Format d\u2019impression A3, bas\u00e9 sur un fond OpenStreetMap.<\/p>\n<div><strong><a class='wpdm-download-link download-on-click btn btn-primary ' rel='nofollow' href='#' data-downloadurl=\"https:\/\/bdt.gers.fr\/portail\/download\/nogaro-a3-2023\/?wpdmdl=546&refresh=6a00747a45d3f1778414714\">T\u00e9l\u00e9charger<\/a><\/strong><\/div>\n<\/p><\/div>\n<\/p><\/div>\n<\/p><\/div>\n<div class=\"card-footer\"><span class=\"pull-right\">29 downloads<\/span>1.76 MB<\/div>\n<\/div>\n<\/div>\n<div class='col-lg-12 col-md-6 col-12'><!-- WPDM Link Template: Default Template (Extended) --><\/p>\n<div class=\"card card-default\">\n<div class=\"card-body\">\n<div class=\"media\">\n<div class=\"pull-left\"><img class=\"wpdm_icon\" alt=\"Ic\u00f4ne\"   src=\"https:\/\/bdt.gers.fr\/portail\/wp-content\/plugins\/download-manager\/assets\/file-type-icons\/17_download_program.png\" \/><\/div>\n<div class=\"media-body\"><strong class=\"ptitle\">Plan de ville de Mirande<\/strong><\/p>\n<p>Format d\u2019impression A3, bas\u00e9 sur un fond OpenStreetMap.<\/p>\n<div><strong><a class='wpdm-download-link download-on-click btn btn-primary ' rel='nofollow' href='#' data-downloadurl=\"https:\/\/bdt.gers.fr\/portail\/download\/mirande-a3-2023\/?wpdmdl=545&refresh=6a00747a46bcc1778414714\">T\u00e9l\u00e9charger<\/a><\/strong><\/div>\n<\/p><\/div>\n<\/p><\/div>\n<\/p><\/div>\n<div class=\"card-footer\"><span class=\"pull-right\">42 downloads<\/span>2.48 MB<\/div>\n<\/div>\n<\/div>\n<\/div>\n<div style='clear:both'><\/div>\n<div class='text-center'>\n<ul class='pagination wpdm-pagination pagination-centered text-center'>\n<li><span aria-current=\"page\" class=\"page-numbers current\">1<\/span><\/li>\n<li><a data-container='#content_wpdm_package_1' class=\"page-numbers\" href=\"https:\/\/bdt.gers.fr\/portail\/wp-json\/wp\/v2\/pages\/331\/?cp=2\">2<\/a><\/li>\n<li><a data-container='#content_wpdm_package_1' class=\"next page-numbers\" href=\"https:\/\/bdt.gers.fr\/portail\/wp-json\/wp\/v2\/pages\/331\/?cp=2\"> <i style=\"display: inline-block;width: 8px;height: 8px;border-right: 2px solid;border-top: 2px solid;transform: rotate(45deg);margin-left: -2px;margin-top: -2px;\"><\/i> <\/a><\/li>\n<\/ul>\n<\/div>\n<div style='clear:both'><\/div>\n<\/p><\/div>\n<div style='clear:both'><\/div>\n<\/p><\/div>\n<\/div>\n","protected":false},"excerpt":{"rendered":"","protected":false},"author":2,"featured_media":0,"parent":258,"menu_order":0,"comment_status":"closed","ping_status":"closed","template":"","meta":[],"_links":{"self":[{"href":"https:\/\/bdt.gers.fr\/portail\/wp-json\/wp\/v2\/pages\/331"}],"collection":[{"href":"https:\/\/bdt.gers.fr\/portail\/wp-json\/wp\/v2\/pages"}],"about":[{"href":"https:\/\/bdt.gers.fr\/portail\/wp-json\/wp\/v2\/types\/page"}],"author":[{"embeddable":true,"href":"https:\/\/bdt.gers.fr\/portail\/wp-json\/wp\/v2\/users\/2"}],"replies":[{"embeddable":true,"href":"https:\/\/bdt.gers.fr\/portail\/wp-json\/wp\/v2\/comments?post=331"}],"version-history":[{"count":4,"href":"https:\/\/bdt.gers.fr\/portail\/wp-json\/wp\/v2\/pages\/331\/revisions"}],"predecessor-version":[{"id":793,"href":"https:\/\/bdt.gers.fr\/portail\/wp-json\/wp\/v2\/pages\/331\/revisions\/793"}],"up":[{"embeddable":true,"href":"https:\/\/bdt.gers.fr\/portail\/wp-json\/wp\/v2\/pages\/258"}],"wp:attachment":[{"href":"https:\/\/bdt.gers.fr\/portail\/wp-json\/wp\/v2\/media?parent=331"}],"curies":[{"name":"wp","href":"https:\/\/api.w.org\/{rel}","templated":true}]}}