




{"id":329,"date":"2021-03-02T11:29:51","date_gmt":"2021-03-02T10:29:51","guid":{"rendered":"https:\/\/bdt.gers.fr\/portail\/?page_id=329"},"modified":"2021-03-04T00:16:01","modified_gmt":"2021-03-03T23:16:01","slug":"education-et-jeunesse","status":"publish","type":"page","link":"https:\/\/bdt.gers.fr\/portail\/carto\/education-et-jeunesse\/","title":{"rendered":"Education et Jeunesse"},"content":{"rendered":"<div class='w3eden'>\n<div class=''>\n<form method=\"get\" class=\"\" data-container=\"#content_wpdm_package_1\" id=\"sc_form_wpdm_package_1\" style=\"margin-bottom: 15px\">\n<div class=\"panel panel-default card category-panel wpdm-shortcode-toolbar\">\n<div class=\"panel-body card-body\">\n<div class=\"media\">\n<div class=\"mr-3\">\n                                                    <\/div>\n<div class=\"media-body\">\n<h3 style=\"margin: 0\">Education et Jeunesse<\/h3>\n<p>                            Recherche                        <\/p><\/div>\n<\/p><\/div>\n<\/p><\/div>\n<div class=\"panel-footer card-footer\">\n<div class=\"row\">\n<div class=\"col-lg-6 col-md-12\">\n                            <input type=\"text\" name=\"skw\" value=\"\" placeholder=\"Recherche par mots cl\u00e9s\u2026\" class=\"form-control\" \/>\n                        <\/div>\n<div class=\"col-lg-2 col-md-4\">\n                            <select name=\"orderby\" class=\"wpdm-custom-select custom-select\"><option value=\"date\" disabled=\"disabled\">Trier par\u00a0:<\/option><option value=\"date\" >Date de publication<\/option><option value=\"title\" >Titre<\/option><option value=\"update_date\" >Date de mise \u00e0 jour<\/option><option value=\"download_count\" >T\u00e9l\u00e9chargements<\/option><option value=\"view_count\" >Vues<\/option><\/select>\n                        <\/div>\n<div class=\"col-lg-2 col-md-4\">\n                            <select name=\"order\" class=\"wpdm-custom-select custom-select\"><option value=\"desc\" disabled=\"disabled\">Tri\u00a0:<\/option><option value=\"desc\" >D\u00e9croissant<\/option><option value=\"asc\" >Croissant<\/option><\/select>\n                        <\/div>\n<div class=\"col-lg-2 col-md-4\">\n                            <button type=\"submit\" class=\"btn btn-info btn-block\">Appliquer le filtre<\/button>\n                        <\/div>\n<\/p><\/div>\n<\/p><\/div>\n<\/p><\/div>\n<\/p><\/form>\n<div class=\"spacer mb-3 d-block clearfix\"><\/div>\n<div id=\"content_wpdm_package_1\">\n<div class='row'>\n<div class='col-lg-12 col-md-6 col-12'><!-- WPDM Link Template: Default Template (Extended) --><\/p>\n<div class=\"card card-default\">\n<div class=\"card-body\">\n<div class=\"media\">\n<div class=\"pull-left\"><img class=\"wpdm_icon\" alt=\"Ic\u00f4ne\"   src=\"https:\/\/bdt.gers.fr\/portail\/wp-content\/uploads\/min_Colleges_A3_2013.pdf.jpg\" \/><\/div>\n<div class=\"media-body\"><strong class=\"ptitle\">Coll\u00e8ges et secteurs de Recrutement<\/strong><\/p>\n<div>\n<p>Coll\u00e8ges du Gers et des d\u00e9partements voisins qui accueillent des coll\u00e9giens gersois. Pour chaque commune du d\u00e9partement est indiqu\u00e9 le, ou les, coll\u00e8ge(s) de rattachement.<\/p>\n<p>Format d\u2019impression A3.<\/p>\n<\/div>\n<div><strong><a class='wpdm-download-link download-on-click btn btn-primary ' rel='nofollow' href='#' data-downloadurl=\"https:\/\/bdt.gers.fr\/portail\/download\/secteurs-colleges-2026\/?wpdmdl=536&refresh=6a007fef4176b1778417647\">T\u00e9l\u00e9charger<\/a><\/strong><\/div>\n<\/p><\/div>\n<\/p><\/div>\n<\/p><\/div>\n<div class=\"card-footer\"><span class=\"pull-right\">218 downloads<\/span>2.86 MB<\/div>\n<\/div>\n<\/div>\n<div class='col-lg-12 col-md-6 col-12'><!-- WPDM Link Template: Default Template (Extended) --><\/p>\n<div class=\"card card-default\">\n<div class=\"card-body\">\n<div class=\"media\">\n<div class=\"pull-left\"><img class=\"wpdm_icon\" alt=\"Ic\u00f4ne\"   src=\"https:\/\/bdt.gers.fr\/portail\/wp-content\/uploads\/min_Lycees_A3_2013.jpg\" \/><\/div>\n<div class=\"media-body\"><strong class=\"ptitle\">Lyc\u00e9es gersois<\/strong><\/p>\n<div>\n<p>Localisation des lyc\u00e9es dans le Gers<\/p>\n<\/div>\n<div><strong><a class='wpdm-download-link download-on-click btn btn-primary ' rel='nofollow' href='#' data-downloadurl=\"https:\/\/bdt.gers.fr\/portail\/download\/lycees-2013\/?wpdmdl=537&refresh=6a007fef43de61778417647\">T\u00e9l\u00e9charger<\/a><\/strong><\/div>\n<\/p><\/div>\n<\/p><\/div>\n<\/p><\/div>\n<div class=\"card-footer\"><span class=\"pull-right\">38 downloads<\/span>2.78 MB<\/div>\n<\/div>\n<\/div>\n<div class='col-lg-12 col-md-6 col-12'><!-- WPDM Link Template: Default Template (Extended) --><\/p>\n<div class=\"card card-default\">\n<div class=\"card-body\">\n<div class=\"media\">\n<div class=\"pull-left\"><img class=\"wpdm_icon\" alt=\"Ic\u00f4ne\"   src=\"https:\/\/bdt.gers.fr\/portail\/wp-content\/uploads\/min_Petiteenfance_A3_2013.jpg\" \/><\/div>\n<div class=\"media-body\"><strong class=\"ptitle\">\u00c9tablissements et services d\u2019accueil pour enfants de moins de 6 ans<\/strong><\/p>\n<div>\n<p>\u00c9tablissements et services d\u2019accueil des enfants de moins de 6 ans dans le Gers. Cette carte regroupe:<\/p>\n<p>les cr\u00e8ches familiales, les \u00e9tablissements de type multi-accueil, les halte-garderies, les cr\u00e8ches collectives, les micro cr\u00e8ches et les jardins d\u2019enfants<\/p>\n<\/div>\n<div><strong><a class='wpdm-download-link download-on-click btn btn-primary ' rel='nofollow' href='#' data-downloadurl=\"https:\/\/bdt.gers.fr\/portail\/download\/etablissements-accueil-petite-enfance\/?wpdmdl=538&refresh=6a007fef458441778417647\">T\u00e9l\u00e9charger<\/a><\/strong><\/div>\n<\/p><\/div>\n<\/p><\/div>\n<\/p><\/div>\n<div class=\"card-footer\"><span class=\"pull-right\">47 downloads<\/span>2.77 MB<\/div>\n<\/div>\n<\/div>\n<\/div>\n<div style='clear:both'><\/div>\n<div class='text-center'>\n<ul class='pagination wpdm-pagination pagination-centered text-center'><\/ul>\n<\/div>\n<div style='clear:both'><\/div>\n<\/p><\/div>\n<div style='clear:both'><\/div>\n<\/p><\/div>\n<\/div>\n","protected":false},"excerpt":{"rendered":"","protected":false},"author":2,"featured_media":0,"parent":258,"menu_order":0,"comment_status":"closed","ping_status":"closed","template":"","meta":[],"_links":{"self":[{"href":"https:\/\/bdt.gers.fr\/portail\/wp-json\/wp\/v2\/pages\/329"}],"collection":[{"href":"https:\/\/bdt.gers.fr\/portail\/wp-json\/wp\/v2\/pages"}],"about":[{"href":"https:\/\/bdt.gers.fr\/portail\/wp-json\/wp\/v2\/types\/page"}],"author":[{"embeddable":true,"href":"https:\/\/bdt.gers.fr\/portail\/wp-json\/wp\/v2\/users\/2"}],"replies":[{"embeddable":true,"href":"https:\/\/bdt.gers.fr\/portail\/wp-json\/wp\/v2\/comments?post=329"}],"version-history":[{"count":4,"href":"https:\/\/bdt.gers.fr\/portail\/wp-json\/wp\/v2\/pages\/329\/revisions"}],"predecessor-version":[{"id":792,"href":"https:\/\/bdt.gers.fr\/portail\/wp-json\/wp\/v2\/pages\/329\/revisions\/792"}],"up":[{"embeddable":true,"href":"https:\/\/bdt.gers.fr\/portail\/wp-json\/wp\/v2\/pages\/258"}],"wp:attachment":[{"href":"https:\/\/bdt.gers.fr\/portail\/wp-json\/wp\/v2\/media?parent=329"}],"curies":[{"name":"wp","href":"https:\/\/api.w.org\/{rel}","templated":true}]}}