




{"id":327,"date":"2021-03-02T11:29:39","date_gmt":"2021-03-02T10:29:39","guid":{"rendered":"https:\/\/bdt.gers.fr\/portail\/?page_id=327"},"modified":"2021-03-04T00:11:32","modified_gmt":"2021-03-03T23:11:32","slug":"culture-et-patrimoine","status":"publish","type":"page","link":"https:\/\/bdt.gers.fr\/portail\/carto\/culture-et-patrimoine\/","title":{"rendered":"Culture et patrimoine"},"content":{"rendered":"<div class='w3eden'>\n<div class=''>\n<form method=\"get\" class=\"\" data-container=\"#content_wpdm_package_1\" id=\"sc_form_wpdm_package_1\" style=\"margin-bottom: 15px\">\n<div class=\"panel panel-default card category-panel wpdm-shortcode-toolbar\">\n<div class=\"panel-body card-body\">\n<div class=\"media\">\n<div class=\"mr-3\">\n                                                    <\/div>\n<div class=\"media-body\">\n<h3 style=\"margin: 0\">Culture et Patrimoine<\/h3>\n<p>                            Recherche                        <\/p><\/div>\n<\/p><\/div>\n<\/p><\/div>\n<div class=\"panel-footer card-footer\">\n<div class=\"row\">\n<div class=\"col-lg-6 col-md-12\">\n                            <input type=\"text\" name=\"skw\" value=\"\" placeholder=\"Recherche par mots cl\u00e9s\u2026\" class=\"form-control\" \/>\n                        <\/div>\n<div class=\"col-lg-2 col-md-4\">\n                            <select name=\"orderby\" class=\"wpdm-custom-select custom-select\"><option value=\"date\" disabled=\"disabled\">Trier par\u00a0:<\/option><option value=\"date\" >Date de publication<\/option><option value=\"title\" >Titre<\/option><option value=\"update_date\" >Date de mise \u00e0 jour<\/option><option value=\"download_count\" >T\u00e9l\u00e9chargements<\/option><option value=\"view_count\" >Vues<\/option><\/select>\n                        <\/div>\n<div class=\"col-lg-2 col-md-4\">\n                            <select name=\"order\" class=\"wpdm-custom-select custom-select\"><option value=\"desc\" disabled=\"disabled\">Tri\u00a0:<\/option><option value=\"desc\" >D\u00e9croissant<\/option><option value=\"asc\" >Croissant<\/option><\/select>\n                        <\/div>\n<div class=\"col-lg-2 col-md-4\">\n                            <button type=\"submit\" class=\"btn btn-info btn-block\">Appliquer le filtre<\/button>\n                        <\/div>\n<\/p><\/div>\n<\/p><\/div>\n<\/p><\/div>\n<\/p><\/form>\n<div class=\"spacer mb-3 d-block clearfix\"><\/div>\n<div id=\"content_wpdm_package_1\">\n<div class='row'>\n<div class='col-lg-12 col-md-6 col-12'><!-- WPDM Link Template: Default Template (Extended) --><\/p>\n<div class=\"card card-default\">\n<div class=\"card-body\">\n<div class=\"media\">\n<div class=\"pull-left\"><img class=\"wpdm_icon\" alt=\"Ic\u00f4ne\"   src=\"https:\/\/bdt.gers.fr\/portail\/wp-content\/uploads\/min_senechaussees.jpeg\" \/><\/div>\n<div class=\"media-body\"><strong class=\"ptitle\">S\u00e9n\u00e9chaussees 2015<\/strong><\/p>\n<p>S\u00e9n\u00e9chauss\u00e9es et justices royales gersoises<br \/>\n.<br \/>\nUne s\u00e9n\u00e9chauss\u00e9e d\u00e9signait sous l\u2019Ancien R\u00e9gime l\u2019\u00e9tendue de l\u2019entit\u00e9 territoriale (circonscription administrative, financi\u00e8re et judiciaire) d\u00e9pendante du s\u00e9n\u00e9chal.<\/p>\n<p>Les justices royales \u00e9taient les tribunaux ou s\u2019exer\u00e7ait la d\u00e9l\u00e9gation de justice du roi.<\/p>\n<p>Carte r\u00e9alis\u00e9e gr\u00e2ce aux donn\u00e9es des Archives D\u00e9partementales<\/p>\n<div><strong><a class='wpdm-download-link download-on-click btn btn-primary ' rel='nofollow' href='#' data-downloadurl=\"https:\/\/bdt.gers.fr\/portail\/download\/senechaussees-2015\/?wpdmdl=534&refresh=6a0074b8bc8f31778414776\">T\u00e9l\u00e9charger<\/a><\/strong><\/div>\n<\/p><\/div>\n<\/p><\/div>\n<\/p><\/div>\n<div class=\"card-footer\"><span class=\"pull-right\">165 downloads<\/span>1.58 MB<\/div>\n<\/div>\n<\/div>\n<div class='col-lg-12 col-md-6 col-12'><!-- WPDM Link Template: Default Template (Extended) --><\/p>\n<div class=\"card card-default\">\n<div class=\"card-body\">\n<div class=\"media\">\n<div class=\"pull-left\"><img class=\"wpdm_icon\" alt=\"Ic\u00f4ne\"   src=\"https:\/\/bdt.gers.fr\/portail\/wp-content\/uploads\/min_biblioth_mediath.jpeg\" \/><\/div>\n<div class=\"media-body\"><strong class=\"ptitle\">Biblioth\u00e8ques et m\u00e9diath\u00e8ques<\/strong><\/p>\n<p>R\u00e9partition communales des points de lecture (biblioth\u00e8ques et m\u00e9diath\u00e8ques) gersoises, et \u00e9tat de leur adh\u00e9sion au portail M\u00e9diaGers.<\/p>\n<div><strong><a class='wpdm-download-link download-on-click btn btn-primary ' rel='nofollow' href='#' data-downloadurl=\"https:\/\/bdt.gers.fr\/portail\/download\/bibliotheques-et-mediatheques\/?wpdmdl=535&refresh=6a0074b8be7c71778414776\">T\u00e9l\u00e9charger<\/a><\/strong><\/div>\n<\/p><\/div>\n<\/p><\/div>\n<\/p><\/div>\n<div class=\"card-footer\"><span class=\"pull-right\">73 downloads<\/span>2.24 MB<\/div>\n<\/div>\n<\/div>\n<\/div>\n<div style='clear:both'><\/div>\n<div class='text-center'>\n<ul class='pagination wpdm-pagination pagination-centered text-center'><\/ul>\n<\/div>\n<div style='clear:both'><\/div>\n<\/p><\/div>\n<div style='clear:both'><\/div>\n<\/p><\/div>\n<\/div>\n","protected":false},"excerpt":{"rendered":"","protected":false},"author":2,"featured_media":0,"parent":258,"menu_order":0,"comment_status":"closed","ping_status":"closed","template":"","meta":[],"_links":{"self":[{"href":"https:\/\/bdt.gers.fr\/portail\/wp-json\/wp\/v2\/pages\/327"}],"collection":[{"href":"https:\/\/bdt.gers.fr\/portail\/wp-json\/wp\/v2\/pages"}],"about":[{"href":"https:\/\/bdt.gers.fr\/portail\/wp-json\/wp\/v2\/types\/page"}],"author":[{"embeddable":true,"href":"https:\/\/bdt.gers.fr\/portail\/wp-json\/wp\/v2\/users\/2"}],"replies":[{"embeddable":true,"href":"https:\/\/bdt.gers.fr\/portail\/wp-json\/wp\/v2\/comments?post=327"}],"version-history":[{"count":4,"href":"https:\/\/bdt.gers.fr\/portail\/wp-json\/wp\/v2\/pages\/327\/revisions"}],"predecessor-version":[{"id":787,"href":"https:\/\/bdt.gers.fr\/portail\/wp-json\/wp\/v2\/pages\/327\/revisions\/787"}],"up":[{"embeddable":true,"href":"https:\/\/bdt.gers.fr\/portail\/wp-json\/wp\/v2\/pages\/258"}],"wp:attachment":[{"href":"https:\/\/bdt.gers.fr\/portail\/wp-json\/wp\/v2\/media?parent=327"}],"curies":[{"name":"wp","href":"https:\/\/api.w.org\/{rel}","templated":true}]}}