




{"id":325,"date":"2021-03-02T11:29:27","date_gmt":"2021-03-02T10:29:27","guid":{"rendered":"https:\/\/bdt.gers.fr\/portail\/?page_id=325"},"modified":"2021-03-04T00:15:44","modified_gmt":"2021-03-03T23:15:44","slug":"amenagement-et-economie","status":"publish","type":"page","link":"https:\/\/bdt.gers.fr\/portail\/carto\/amenagement-et-economie\/","title":{"rendered":"Am\u00e9nagement et Economie"},"content":{"rendered":"<div class='w3eden'>\n<div class=''>\n<form method=\"get\" class=\"\" data-container=\"#content_wpdm_package_1\" id=\"sc_form_wpdm_package_1\" style=\"margin-bottom: 15px\">\n<div class=\"panel panel-default card category-panel wpdm-shortcode-toolbar\">\n<div class=\"panel-body card-body\">\n<div class=\"media\">\n<div class=\"mr-3\">\n                                                    <\/div>\n<div class=\"media-body\">\n<h3 style=\"margin: 0\">Am\u00e9nagement et \u00e9conomie<\/h3>\n<p>                            Recherche                        <\/p><\/div>\n<\/p><\/div>\n<\/p><\/div>\n<div class=\"panel-footer card-footer\">\n<div class=\"row\">\n<div class=\"col-lg-6 col-md-12\">\n                            <input type=\"text\" name=\"skw\" value=\"\" placeholder=\"Recherche par mots cl\u00e9s\u2026\" class=\"form-control\" \/>\n                        <\/div>\n<div class=\"col-lg-2 col-md-4\">\n                            <select name=\"orderby\" class=\"wpdm-custom-select custom-select\"><option value=\"date\" disabled=\"disabled\">Trier par\u00a0:<\/option><option value=\"date\" >Date de publication<\/option><option value=\"title\" >Titre<\/option><option value=\"update_date\" >Date de mise \u00e0 jour<\/option><option value=\"download_count\" >T\u00e9l\u00e9chargements<\/option><option value=\"view_count\" >Vues<\/option><\/select>\n                        <\/div>\n<div class=\"col-lg-2 col-md-4\">\n                            <select name=\"order\" class=\"wpdm-custom-select custom-select\"><option value=\"desc\" disabled=\"disabled\">Tri\u00a0:<\/option><option value=\"desc\" >D\u00e9croissant<\/option><option value=\"asc\" >Croissant<\/option><\/select>\n                        <\/div>\n<div class=\"col-lg-2 col-md-4\">\n                            <button type=\"submit\" class=\"btn btn-info btn-block\">Appliquer le filtre<\/button>\n                        <\/div>\n<\/p><\/div>\n<\/p><\/div>\n<\/p><\/div>\n<\/p><\/form>\n<div class=\"spacer mb-3 d-block clearfix\"><\/div>\n<div id=\"content_wpdm_package_1\">\n<div class='row'>\n<div class='col-md-12'>Aucun t\u00e9l\u00e9chargement n\u2019a \u00e9t\u00e9 trouv\u00e9\u00a0!<\/div>\n<\/div>\n<div style='clear:both'><\/div>\n<div class='text-center'>\n<ul class='pagination wpdm-pagination pagination-centered text-center'><\/ul>\n<\/div>\n<div style='clear:both'><\/div>\n<\/p><\/div>\n<div style='clear:both'><\/div>\n<\/p><\/div>\n<\/div>\n","protected":false},"excerpt":{"rendered":"","protected":false},"author":2,"featured_media":0,"parent":258,"menu_order":0,"comment_status":"closed","ping_status":"closed","template":"","meta":[],"_links":{"self":[{"href":"https:\/\/bdt.gers.fr\/portail\/wp-json\/wp\/v2\/pages\/325"}],"collection":[{"href":"https:\/\/bdt.gers.fr\/portail\/wp-json\/wp\/v2\/pages"}],"about":[{"href":"https:\/\/bdt.gers.fr\/portail\/wp-json\/wp\/v2\/types\/page"}],"author":[{"embeddable":true,"href":"https:\/\/bdt.gers.fr\/portail\/wp-json\/wp\/v2\/users\/2"}],"replies":[{"embeddable":true,"href":"https:\/\/bdt.gers.fr\/portail\/wp-json\/wp\/v2\/comments?post=325"}],"version-history":[{"count":3,"href":"https:\/\/bdt.gers.fr\/portail\/wp-json\/wp\/v2\/pages\/325\/revisions"}],"predecessor-version":[{"id":791,"href":"https:\/\/bdt.gers.fr\/portail\/wp-json\/wp\/v2\/pages\/325\/revisions\/791"}],"up":[{"embeddable":true,"href":"https:\/\/bdt.gers.fr\/portail\/wp-json\/wp\/v2\/pages\/258"}],"wp:attachment":[{"href":"https:\/\/bdt.gers.fr\/portail\/wp-json\/wp\/v2\/media?parent=325"}],"curies":[{"name":"wp","href":"https:\/\/api.w.org\/{rel}","templated":true}]}}