




{"id":31,"date":"2017-10-23T16:46:38","date_gmt":"2017-10-23T14:46:38","guid":{"rendered":"\/portail\/?page_id=18"},"modified":"2022-03-10T11:28:28","modified_gmt":"2022-03-10T10:28:28","slug":"mentions-legales","status":"publish","type":"page","link":"https:\/\/bdt.gers.fr\/portail\/mentions-legales\/","title":{"rendered":"Mentions L\u00e9gales"},"content":{"rendered":"<div>\n<p><strong>1. Identification du site<\/strong><\/p>\n<p>\u00c9diteur du site : <strong>D\u00e9partement du Gers<\/strong><br \/>\nDirecteur de publication : <em><strong>Monsieur Philippe Dupouy, Pr\u00e9sident du Conseil D\u00e9partemental<\/strong><\/em><br \/>\nContact : <strong>DGA Ressources et Moyens \u2013 DOSIN \u2013 P\u00f4le cartographie \u2013<\/strong><strong> 81 route de Pessan \u2013 BP20569 \u2013 32000 AUCH Cedex 9<\/strong><br \/>\nR\u00e9alisation du site : <strong>Business Geografic<\/strong> (<a href=\"https:\/\/www.business-geografic.com\/fr\/\">www.business-geografic.com<\/a>)<br \/>\nWebmestre : <strong>D\u00e9partement du Gers, P\u00f4le cartographie<\/strong><br \/>\nFournisseur d\u2019h\u00e9bergement du site :<br \/>\n<strong>SynAApS \u2013 <\/strong>Business Geografic \u2013 Ciril GROUP \u2013 49 avenue Albert Einstein \u2013 BP 12074- 69603 Villeurbanne CEDEX <strong>T\u00e9l.<\/strong> : +33 (0)4 72 69 16 80 \u2013 <strong>Courriel<\/strong> :<span id=\"cloak665d411dda18f0a02958667feef544f5\"><span id=\"cloakda40bcc4ada51028e8b16e8a1c74f511\"><\/span><a href=\"mailto:contact@business-geografic.com\">contact@business-geografic.com<\/a><\/span><br \/>\n<strong>RCS\u00a0<\/strong>: 305 163 040 RCS Lyon \u2013\u00a0<strong>SIRET\u00a0<\/strong>:\u00a0305 163 040 00119 \u2013\u00a0<strong>Code APE<\/strong> : 6202A<\/p>\n<p><strong>2. Droits d\u2019auteur<\/strong><\/p>\n<p>Tous les contenus pr\u00e9sents sur le site de la Banque de Donn\u00e9es Territoriales du Gers (BDT32) sont couverts par le droit d\u2019auteur. Toute reprise est d\u00e8s lors conditionn\u00e9e \u00e0 l\u2019accord de l\u2019auteur en vertu de l\u2019article L.122-4 du Code de la Propri\u00e9t\u00e9 Intellectuelle.<\/p>\n<p><strong>3. \u00c9tablissement de liens<\/strong><\/p>\n<p>Le Site peut contenir des liens hypertextes vers d\u2019autres sites dont le D\u00e9partement du Gers n\u2019est pas l\u2019\u00e9diteur. Vous \u00eates inform\u00e9 et vous acceptez que le D\u00e9partement du Gers n\u2019est pas responsable de l\u2019indisponibilit\u00e9 de tels sites et que le D\u00e9partement du Gers n\u2019examine, ne contr\u00f4le, n\u2019approuve, ni n\u2019est responsable des contenus, publicit\u00e9s, produits ou autres \u00e9l\u00e9ments disponibles sur ou via ces sites. En cons\u00e9quence, l\u2019utilisation d\u2019un lien pointant vers un autre site est faite sous votre seule responsabilit\u00e9.<\/p>\n<p><strong>4. Limitations de responsabilit\u00e9<\/strong><\/p>\n<p>Le D\u00e9partement du Gers ne peut garantir l\u2019exactitude, la compl\u00e9tude, l\u2019actualit\u00e9 des informations diffus\u00e9es sur le Site. Le D\u00e9partement du Gers met tout en \u0153uvre pour diffuser des informations exactes et mises \u00e0 jour. Vous reconnaissez utiliser ces informations sous votre responsabilit\u00e9.<\/p>\n<p>Le D\u00e9partement du Gers ne peut \u00eatre tenu responsable :<\/p>\n<ul>\n<li>Des erreurs ou omissions des informations diffus\u00e9es sur le site,<\/li>\n<li>Des dommages directs ou indirects qui pourraient r\u00e9sulter de l\u2019acc\u00e8s ou de l\u2019utilisation du Site, y compris l\u2019accessibilit\u00e9, les pertes de donn\u00e9es, d\u00e9t\u00e9rioration, destruction ou virus qui pourraient affecter votre \u00e9quipement informatique et\/ou de la pr\u00e9sence de virus sur le site.<\/li>\n<\/ul>\n<p><strong>5. Disponibilit\u00e9 du site<\/strong><\/p>\n<p>L\u2019\u00e9diteur s\u2019efforce de permettre l\u2019acc\u00e8s au site 24 heures sur 24, sauf \u00ab\u00a0\u00e9v\u00e8nement hors du contr\u00f4le\u00a0\u00bb du D\u00e9partement du Gers (cas de force majeure, difficult\u00e9s informatiques, difficult\u00e9s li\u00e9es aux r\u00e9seaux de t\u00e9l\u00e9communications ou difficult\u00e9s techniques\u2026).<\/p>\n<p>Par cons\u00e9quent, le D\u00e9partement du Gers ne peut garantir une disponibilit\u00e9 du site et\/ou des services, une fiabilit\u00e9 des transmissions et des performances en termes de temps de r\u00e9ponse et de qualit\u00e9.<br \/>\nLa responsabilit\u00e9 de l\u2019\u00e9diteur ne saurait \u00eatre engag\u00e9e en cas d\u2019impossibilit\u00e9 d\u2019acc\u00e8s \u00e0 ce site et\/ou d\u2019utilisation des services.<\/p>\n<p>Par ailleurs, le D\u00e9partement du Gers peut \u00eatre amen\u00e9 \u00e0 interrompre le site ou une partie des services, \u00e0 tout moment et sans pr\u00e9avis, le tout sans droit \u00e0 indemnit\u00e9s. L\u2019utilisateur reconna\u00eet et accepte que le D\u00e9partement du Gers ne soit pas responsable des interruptions, et des cons\u00e9quences qui peuvent en d\u00e9couler pour l\u2019utilisateur ou tout tiers.<\/p>\n<p>L\u2019utilisateur reconnait avoir pris connaissance des conditions d\u2019utilisation, au moment de sa connexion vers le site bdt.gers.fr et d\u00e9clare express\u00e9ment les accepter sans r\u00e9serve. Le D\u00e9partement du Gers se r\u00e9serve la possibilit\u00e9 de modifier, \u00e0 tout moment et sans pr\u00e9avis, les pr\u00e9sentes conditions d\u2019utilisation afin de les adapter aux \u00e9volutions du site et\/ou de son exploitation.<\/p>\n<p><strong>6. Traitement de vos donn\u00e9es personnelles<br \/>\n<\/strong><\/p>\n<p>Le traitement de donn\u00e9es \u00e0 caract\u00e8re personnel mis en \u0153uvre dans le cadre de la <strong>Plateforme BDT du D\u00e9partement du Gers<\/strong> (<a href=\"https:\/\/bdt.gers.fr\/\">https:\/\/bdt.gers.fr<\/a>) est \u00e9tabli en conformit\u00e9 avec les dispositions du R\u00e8glement g\u00e9n\u00e9ral pour la protection des donn\u00e9es \u00e0 caract\u00e8re personnel (RGPD) n\u00b02016\/679 du Parlement europ\u00e9en et du Conseil du 27 avril 2016 et de la Loi n\u00b078-17 du 6 janvier 1978 dite \u00ab Informatique et libert\u00e9s \u00bb dans sa version modifi\u00e9e.<br \/>\nConform\u00e9ment aux articles 39 et suivants de la loi n\u00b078-17 du 6 janvier 1978 modifie en 2004 relative \u00e0 l\u2019informatique, aux fichiers et aux libert\u00e9s, toute personne peut obtenir communication et le cas \u00e9ch\u00e9ant, rectification ou suppression des informations la concernant en s\u2019adressant au :<br \/>\n<strong>D\u00e9partement du Gers<\/strong><br \/>\n<strong>A l\u2019attention du d\u00e9l\u00e9gu\u00e9 \u00e0 la protection des donn\u00e9es<\/strong><br \/>\n81 route de Pessan<br \/>\nBP 20569<br \/>\n32022 Auch Cedex 9<br \/>\nTel: 05 62 67 40 40<\/p>\n<p>Vous pouvez \u00e9galement pour des motifs l\u00e9gitimes vous opposer au traitement des donn\u00e9es vous concernant.<br \/>\nContact mail de signalement de contenus inappropri\u00e9s ou ill\u00e9gaux<br \/>\n<span id=\"cloake9bbed9aeb44e70ac46b1fac4d736112\"><a href=\"mailto:dpd@gers.fr?subject=Loi%20informatique%20et%20libert\u00e9s%20site%20internet\" target=\"_self\" rel=\"noopener noreferrer\">dpd@gers.fr<\/a><\/span><\/p>\n<p>Banque de Donn\u00e9es Territoriale du Gers \u00a9D\u00e9partement du Gers,\u00a0 2021<\/p>\n<\/div>\n","protected":false},"excerpt":{"rendered":"<p>1. Identification du site \u00c9diteur du site : D\u00e9partement du Gers Directeur de publication : Monsieur Philippe Dupouy, Pr\u00e9sident du Conseil D\u00e9partemental Contact : DGA Ressources et Moyens \u2013 DOSIN&#8230;<\/p>\n","protected":false},"author":2,"featured_media":0,"parent":0,"menu_order":910,"comment_status":"closed","ping_status":"closed","template":"","meta":[],"_links":{"self":[{"href":"https:\/\/bdt.gers.fr\/portail\/wp-json\/wp\/v2\/pages\/31"}],"collection":[{"href":"https:\/\/bdt.gers.fr\/portail\/wp-json\/wp\/v2\/pages"}],"about":[{"href":"https:\/\/bdt.gers.fr\/portail\/wp-json\/wp\/v2\/types\/page"}],"author":[{"embeddable":true,"href":"https:\/\/bdt.gers.fr\/portail\/wp-json\/wp\/v2\/users\/2"}],"replies":[{"embeddable":true,"href":"https:\/\/bdt.gers.fr\/portail\/wp-json\/wp\/v2\/comments?post=31"}],"version-history":[{"count":4,"href":"https:\/\/bdt.gers.fr\/portail\/wp-json\/wp\/v2\/pages\/31\/revisions"}],"predecessor-version":[{"id":1539,"href":"https:\/\/bdt.gers.fr\/portail\/wp-json\/wp\/v2\/pages\/31\/revisions\/1539"}],"wp:attachment":[{"href":"https:\/\/bdt.gers.fr\/portail\/wp-json\/wp\/v2\/media?parent=31"}],"curies":[{"name":"wp","href":"https:\/\/api.w.org\/{rel}","templated":true}]}}