




{"id":298,"date":"2021-03-02T10:39:53","date_gmt":"2021-03-02T09:39:53","guid":{"rendered":"https:\/\/bdt.gers.fr\/portail\/?page_id=298"},"modified":"2021-03-04T00:15:22","modified_gmt":"2021-03-03T23:15:22","slug":"action-sociale","status":"publish","type":"page","link":"https:\/\/bdt.gers.fr\/portail\/carto\/action-sociale\/","title":{"rendered":"Action Sociale et Solidarit\u00e9"},"content":{"rendered":"<div class='w3eden'>\n<div class=''>\n<form method=\"get\" class=\"\" data-container=\"#content_wpdm_package_1\" id=\"sc_form_wpdm_package_1\" style=\"margin-bottom: 15px\">\n<div class=\"panel panel-default card category-panel wpdm-shortcode-toolbar\">\n<div class=\"panel-body card-body\">\n<div class=\"media\">\n<div class=\"mr-3\">\n                                                    <\/div>\n<div class=\"media-body\">\n<h3 style=\"margin: 0\">Action Sociale et Solidarit\u00e9s<\/h3>\n<p>                            Recherche                        <\/p><\/div>\n<\/p><\/div>\n<\/p><\/div>\n<div class=\"panel-footer card-footer\">\n<div class=\"row\">\n<div class=\"col-lg-6 col-md-12\">\n                            <input type=\"text\" name=\"skw\" value=\"\" placeholder=\"Recherche par mots cl\u00e9s\u2026\" class=\"form-control\" \/>\n                        <\/div>\n<div class=\"col-lg-2 col-md-4\">\n                            <select name=\"orderby\" class=\"wpdm-custom-select custom-select\"><option value=\"date\" disabled=\"disabled\">Trier par\u00a0:<\/option><option value=\"date\" >Date de publication<\/option><option value=\"title\" >Titre<\/option><option value=\"update_date\" >Date de mise \u00e0 jour<\/option><option value=\"download_count\" >T\u00e9l\u00e9chargements<\/option><option value=\"view_count\" >Vues<\/option><\/select>\n                        <\/div>\n<div class=\"col-lg-2 col-md-4\">\n                            <select name=\"order\" class=\"wpdm-custom-select custom-select\"><option value=\"desc\" disabled=\"disabled\">Tri\u00a0:<\/option><option value=\"desc\" >D\u00e9croissant<\/option><option value=\"asc\" >Croissant<\/option><\/select>\n                        <\/div>\n<div class=\"col-lg-2 col-md-4\">\n                            <button type=\"submit\" class=\"btn btn-info btn-block\">Appliquer le filtre<\/button>\n                        <\/div>\n<\/p><\/div>\n<\/p><\/div>\n<\/p><\/div>\n<\/p><\/form>\n<div class=\"spacer mb-3 d-block clearfix\"><\/div>\n<div id=\"content_wpdm_package_1\">\n<div class='row'>\n<div class='col-lg-12 col-md-6 col-12'><!-- WPDM Link Template: Default Template (Extended) --><\/p>\n<div class=\"card card-default\">\n<div class=\"card-body\">\n<div class=\"media\">\n<div class=\"pull-left\"><img class=\"wpdm_icon\" alt=\"Ic\u00f4ne\"   src=\"https:\/\/bdt.gers.fr\/portail\/wp-content\/uploads\/MDS_Nogaro_vignette.jpeg\" \/><\/div>\n<div class=\"media-body\"><strong class=\"ptitle\">MDS Nogaro<\/strong><\/p>\n<div>\n<p>Territoire d\u00e9taill\u00e9 de la Maison D\u00e9partementale des Solidarit\u00e9s (MDS) de Nogaro.<\/p>\n<\/div>\n<div><strong><a class='wpdm-download-link download-on-click btn btn-primary ' rel='nofollow' href='#' data-downloadurl=\"https:\/\/bdt.gers.fr\/portail\/download\/mds-nogaro\/?wpdmdl=515&refresh=6a007fc930d101778417609\">T\u00e9l\u00e9charger<\/a><\/strong><\/div>\n<\/p><\/div>\n<\/p><\/div>\n<\/p><\/div>\n<div class=\"card-footer\"><span class=\"pull-right\">197 downloads<\/span>977.85 KB<\/div>\n<\/div>\n<\/div>\n<div class='col-lg-12 col-md-6 col-12'><!-- WPDM Link Template: Default Template (Extended) --><\/p>\n<div class=\"card card-default\">\n<div class=\"card-body\">\n<div class=\"media\">\n<div class=\"pull-left\"><img class=\"wpdm_icon\" alt=\"Ic\u00f4ne\"   src=\"https:\/\/bdt.gers.fr\/portail\/wp-content\/uploads\/MDS_Mirande_vignette.jpeg\" \/><\/div>\n<div class=\"media-body\"><strong class=\"ptitle\">MDS Mirande<\/strong><\/p>\n<p>Territoire d\u00e9taill\u00e9 de la Maison D\u00e9partementale des Solidarit\u00e9s (MDS) de Mirande.<\/p>\n<div><strong><a class='wpdm-download-link download-on-click btn btn-primary ' rel='nofollow' href='#' data-downloadurl=\"https:\/\/bdt.gers.fr\/portail\/download\/mds-mirande\/?wpdmdl=514&refresh=6a007fc9329631778417609\">T\u00e9l\u00e9charger<\/a><\/strong><\/div>\n<\/p><\/div>\n<\/p><\/div>\n<\/p><\/div>\n<div class=\"card-footer\"><span class=\"pull-right\">58 downloads<\/span>1.08 MB<\/div>\n<\/div>\n<\/div>\n<div class='col-lg-12 col-md-6 col-12'><!-- WPDM Link Template: Default Template (Extended) --><\/p>\n<div class=\"card card-default\">\n<div class=\"card-body\">\n<div class=\"media\">\n<div class=\"pull-left\"><img class=\"wpdm_icon\" alt=\"Ic\u00f4ne\"   src=\"https:\/\/bdt.gers.fr\/portail\/wp-content\/uploads\/MDS_Isle-Jourdain_vignette.jpeg\" \/><\/div>\n<div class=\"media-body\"><strong class=\"ptitle\">MDS Isle Jourdain<\/strong><\/p>\n<div>\n<p>Territoire d\u00e9taill\u00e9 de la Maison D\u00e9partementale des Solidarit\u00e9s (MDS) de l\u2019Isle-Jourdain.<\/p>\n<\/div>\n<div><strong><a class='wpdm-download-link download-on-click btn btn-primary ' rel='nofollow' href='#' data-downloadurl=\"https:\/\/bdt.gers.fr\/portail\/download\/mds-isle-jourdain\/?wpdmdl=513&refresh=6a007fc933a661778417609\">T\u00e9l\u00e9charger<\/a><\/strong><\/div>\n<\/p><\/div>\n<\/p><\/div>\n<\/p><\/div>\n<div class=\"card-footer\"><span class=\"pull-right\">56 downloads<\/span>847.97 KB<\/div>\n<\/div>\n<\/div>\n<div class='col-lg-12 col-md-6 col-12'><!-- WPDM Link Template: Default Template (Extended) --><\/p>\n<div class=\"card card-default\">\n<div class=\"card-body\">\n<div class=\"media\">\n<div class=\"pull-left\"><img class=\"wpdm_icon\" alt=\"Ic\u00f4ne\"   src=\"https:\/\/bdt.gers.fr\/portail\/wp-content\/uploads\/MDS_Fleurance_vignette.jpeg\" \/><\/div>\n<div class=\"media-body\"><strong class=\"ptitle\">MDS Fleurance<\/strong><\/p>\n<div>\n<p>Territoire d\u00e9taill\u00e9 de la Maison D\u00e9partementale des Solidarit\u00e9s (MDS) de Fleurance.<\/p>\n<\/div>\n<div><strong><a class='wpdm-download-link download-on-click btn btn-primary ' rel='nofollow' href='#' data-downloadurl=\"https:\/\/bdt.gers.fr\/portail\/download\/mds-fleurance\/?wpdmdl=512&refresh=6a007fc934daf1778417609\">T\u00e9l\u00e9charger<\/a><\/strong><\/div>\n<\/p><\/div>\n<\/p><\/div>\n<\/p><\/div>\n<div class=\"card-footer\"><span class=\"pull-right\">73 downloads<\/span>892.03 KB<\/div>\n<\/div>\n<\/div>\n<div class='col-lg-12 col-md-6 col-12'><!-- WPDM Link Template: Default Template (Extended) --><\/p>\n<div class=\"card card-default\">\n<div class=\"card-body\">\n<div class=\"media\">\n<div class=\"pull-left\"><img class=\"wpdm_icon\" alt=\"Ic\u00f4ne\"   src=\"https:\/\/bdt.gers.fr\/portail\/wp-content\/uploads\/MDS_coord_vignette.jpeg\" \/><\/div>\n<div class=\"media-body\"><strong class=\"ptitle\">Les Maisons D\u00e9partementales des Solidarit\u00e9s<\/strong><\/p>\n<p>Afin de mieux r\u00e9pondre aux besoins des habitants du Gers, d\u2019assurer une \u00e9quit\u00e9 d\u2019acc\u00e8s aux droits, et pouvoir relever les d\u00e9fis sociaux qui s\u2019imposent aux politiques de solidarit\u00e9, la collectivit\u00e9 D\u00e9partementale r\u00e9organise son d\u00e9ploiement territorial \u00e0 partir du 1er Octobre 2016.<br \/>\nSont cr\u00e9\u00e9s 6 secteurs d\u2019action sociale, organis\u00e9s autour d\u2019une Maison d\u00e9partementale des Solidarit\u00e9s (MDS), vecteur de proximit\u00e9, de projet et de partenariat sur les limites des EPCI<br \/>\n\u2013 Une pr\u00e9sence renforc\u00e9e avec 6 MDS, 8 P\u00f4les d\u2019action sociale dot\u00e9s d\u2019un accueil du public et 26 Permanences d\u2019Action Sociale (PAS) sur deux territoires de projet :Est de Gascogne et Ouest de Gascogne<\/p>\n<div><strong><a class='wpdm-download-link download-on-click btn btn-primary ' rel='nofollow' href='#' data-downloadurl=\"https:\/\/bdt.gers.fr\/portail\/download\/mds-coordonnees\/?wpdmdl=506&refresh=6a007fc9366511778417609\">T\u00e9l\u00e9charger<\/a><\/strong><\/div>\n<\/p><\/div>\n<\/p><\/div>\n<\/p><\/div>\n<div class=\"card-footer\"><span class=\"pull-right\">217 downloads<\/span>2.69 MB<\/div>\n<\/div>\n<\/div>\n<div class='col-lg-12 col-md-6 col-12'><!-- WPDM Link Template: Default Template (Extended) --><\/p>\n<div class=\"card card-default\">\n<div class=\"card-body\">\n<div class=\"media\">\n<div class=\"pull-left\"><img class=\"wpdm_icon\" alt=\"Ic\u00f4ne\"   src=\"https:\/\/bdt.gers.fr\/portail\/wp-content\/uploads\/MDS_Condom_vignette.jpeg\" \/><\/div>\n<div class=\"media-body\"><strong class=\"ptitle\">MDS Condom<\/strong><\/p>\n<div>\n<p>Territoire d\u00e9taill\u00e9 de la Maison D\u00e9partementale des Solidarit\u00e9s (MDS) de Condom.<\/p>\n<\/div>\n<div><strong><a class='wpdm-download-link download-on-click btn btn-primary ' rel='nofollow' href='#' data-downloadurl=\"https:\/\/bdt.gers.fr\/portail\/download\/mds-condom\/?wpdmdl=511&refresh=6a007fc937c121778417609\">T\u00e9l\u00e9charger<\/a><\/strong><\/div>\n<\/p><\/div>\n<\/p><\/div>\n<\/p><\/div>\n<div class=\"card-footer\"><span class=\"pull-right\">55 downloads<\/span>998.11 KB<\/div>\n<\/div>\n<\/div>\n<div class='col-lg-12 col-md-6 col-12'><!-- WPDM Link Template: Default Template (Extended) --><\/p>\n<div class=\"card card-default\">\n<div class=\"card-body\">\n<div class=\"media\">\n<div class=\"pull-left\"><img class=\"wpdm_icon\" alt=\"Ic\u00f4ne\"   src=\"https:\/\/bdt.gers.fr\/portail\/wp-content\/uploads\/MDS_Auch_vignette.jpeg\" \/><\/div>\n<div class=\"media-body\"><strong class=\"ptitle\">MDS Auch<\/strong><\/p>\n<div>\n<p>Territoire d\u00e9taill\u00e9 de la Maison D\u00e9partementale des Solidarit\u00e9s (MDS) d\u2019Auch.<\/p>\n<\/div>\n<div><strong><a class='wpdm-download-link download-on-click btn btn-primary ' rel='nofollow' href='#' data-downloadurl=\"https:\/\/bdt.gers.fr\/portail\/download\/mds-auch\/?wpdmdl=510&refresh=6a007fc938d9a1778417609\">T\u00e9l\u00e9charger<\/a><\/strong><\/div>\n<\/p><\/div>\n<\/p><\/div>\n<\/p><\/div>\n<div class=\"card-footer\"><span class=\"pull-right\">64 downloads<\/span>875.09 KB<\/div>\n<\/div>\n<\/div>\n<div class='col-lg-12 col-md-6 col-12'><!-- WPDM Link Template: Default Template (Extended) --><\/p>\n<div class=\"card card-default\">\n<div class=\"card-body\">\n<div class=\"media\">\n<div class=\"pull-left\"><img class=\"wpdm_icon\" alt=\"Ic\u00f4ne\"   src=\"https:\/\/bdt.gers.fr\/portail\/wp-content\/uploads\/thumb_PA2017.jpg\" \/><\/div>\n<div class=\"media-body\"><strong class=\"ptitle\">\u00c9tablissements Personnes Ag\u00e9es<\/strong><\/p>\n<p>\u00c9tablissements d\u2019accueil pour personnes \u00e2g\u00e9es repr\u00e9sent\u00e9s avec les MDS<\/p>\n<div><strong><a class='wpdm-download-link download-on-click btn btn-primary ' rel='nofollow' href='#' data-downloadurl=\"https:\/\/bdt.gers.fr\/portail\/download\/etablissements-pa\/?wpdmdl=504&refresh=6a007fc93a0111778417609\">T\u00e9l\u00e9charger<\/a><\/strong><\/div>\n<\/p><\/div>\n<\/p><\/div>\n<\/p><\/div>\n<div class=\"card-footer\"><span class=\"pull-right\">71 downloads<\/span>2.88 MB<\/div>\n<\/div>\n<\/div>\n<div class='col-lg-12 col-md-6 col-12'><!-- WPDM Link Template: Default Template (Extended) --><\/p>\n<div class=\"card card-default\">\n<div class=\"card-body\">\n<div class=\"media\">\n<div class=\"pull-left\"><img class=\"wpdm_icon\" alt=\"Ic\u00f4ne\"   src=\"https:\/\/bdt.gers.fr\/portail\/wp-content\/uploads\/min_UtasEtPas_A3.jpg\" \/><\/div>\n<div class=\"media-body\"><strong class=\"ptitle\">\u00c9tablissements d\u2019h\u00e9bergement pour les personnes handicap\u00e9es dans le Gers (2020)<\/strong><\/p>\n<div>\n<p>\u00c9tablissements d\u2019h\u00e9bergement pour les personnes handicap\u00e9es dans le Gers (2020)<\/p>\n<\/div>\n<div><strong><a class='wpdm-download-link download-on-click btn btn-primary ' rel='nofollow' href='#' data-downloadurl=\"https:\/\/bdt.gers.fr\/portail\/download\/etabhandi\/?wpdmdl=505&refresh=6a007fc93b1ec1778417609\">T\u00e9l\u00e9charger<\/a><\/strong><\/div>\n<\/p><\/div>\n<\/p><\/div>\n<\/p><\/div>\n<div class=\"card-footer\"><span class=\"pull-right\">49 downloads<\/span>1.87 MB<\/div>\n<\/div>\n<\/div>\n<div class='col-lg-12 col-md-6 col-12'><!-- WPDM Link Template: Default Template (Extended) --><\/p>\n<div class=\"card card-default\">\n<div class=\"card-body\">\n<div class=\"media\">\n<div class=\"pull-left\"><img class=\"wpdm_icon\" alt=\"Ic\u00f4ne\"   src=\"https:\/\/bdt.gers.fr\/portail\/wp-content\/uploads\/min_2013_bassins_sante.jpg\" \/><\/div>\n<div class=\"media-body\"><strong class=\"ptitle\">Bassins de Sant\u00e9<\/strong><\/p>\n<p>D\u00e9limitations des bassins de sant\u00e9 pour le d\u00e9partement du Gers.<\/p>\n<p>Un bassin de sant\u00e9 est un territoire d\u00e9fini par l\u2019Agence R\u00e9gionale de Sant\u00e9 comme \u00ab\u00a0l\u2019espace d\u2019organisation et de coordination des soins du premier recours.\u00a0\u00bb<\/p>\n<div><strong><a class='wpdm-download-link download-on-click btn btn-primary ' rel='nofollow' href='#' data-downloadurl=\"https:\/\/bdt.gers.fr\/portail\/download\/bassins-de-sante\/?wpdmdl=502&refresh=6a007fc93c2341778417609\">T\u00e9l\u00e9charger<\/a><\/strong><\/div>\n<\/p><\/div>\n<\/p><\/div>\n<\/p><\/div>\n<div class=\"card-footer\"><span class=\"pull-right\">41 downloads<\/span>2.58 MB<\/div>\n<\/div>\n<\/div>\n<\/div>\n<div style='clear:both'><\/div>\n<div class='text-center'>\n<ul class='pagination wpdm-pagination pagination-centered text-center'><\/ul>\n<\/div>\n<div style='clear:both'><\/div>\n<\/p><\/div>\n<div style='clear:both'><\/div>\n<\/p><\/div>\n<\/div>\n","protected":false},"excerpt":{"rendered":"","protected":false},"author":2,"featured_media":0,"parent":258,"menu_order":0,"comment_status":"closed","ping_status":"closed","template":"","meta":[],"_links":{"self":[{"href":"https:\/\/bdt.gers.fr\/portail\/wp-json\/wp\/v2\/pages\/298"}],"collection":[{"href":"https:\/\/bdt.gers.fr\/portail\/wp-json\/wp\/v2\/pages"}],"about":[{"href":"https:\/\/bdt.gers.fr\/portail\/wp-json\/wp\/v2\/types\/page"}],"author":[{"embeddable":true,"href":"https:\/\/bdt.gers.fr\/portail\/wp-json\/wp\/v2\/users\/2"}],"replies":[{"embeddable":true,"href":"https:\/\/bdt.gers.fr\/portail\/wp-json\/wp\/v2\/comments?post=298"}],"version-history":[{"count":19,"href":"https:\/\/bdt.gers.fr\/portail\/wp-json\/wp\/v2\/pages\/298\/revisions"}],"predecessor-version":[{"id":1094,"href":"https:\/\/bdt.gers.fr\/portail\/wp-json\/wp\/v2\/pages\/298\/revisions\/1094"}],"up":[{"embeddable":true,"href":"https:\/\/bdt.gers.fr\/portail\/wp-json\/wp\/v2\/pages\/258"}],"wp:attachment":[{"href":"https:\/\/bdt.gers.fr\/portail\/wp-json\/wp\/v2\/media?parent=298"}],"curies":[{"name":"wp","href":"https:\/\/api.w.org\/{rel}","templated":true}]}}