




{"id":26,"date":"2017-10-23T15:35:18","date_gmt":"2017-10-23T13:35:18","guid":{"rendered":"\/portail\/?page_id=2"},"modified":"2021-06-29T10:00:22","modified_gmt":"2021-06-29T08:00:22","slug":"accueil-2","status":"publish","type":"page","link":"https:\/\/bdt.gers.fr\/portail\/","title":{"rendered":"Accueil"},"content":{"rendered":"<div class=\"content_block\" style=\"background-color:#F7F7F6;background-image:url();background-repeat:no-repeat;background-position:center;background-size:cover;color:#222222;\">\n<div class=\"wrap\">\n<div class=\"d-flex flex-wrap justify-content-between gap-3\">\n<div class=\"home_card_item target\" data-target-url=\"..\/portail\/index.php\/applications\/\" data-open-target-type=\"\">\n<h3 class=\"home_card_title\"><a href=\"..\/portail\/index.php\/applications\/\" target=\"\">Application<\/a><\/h3>\n<div class=\"home_card_desc\">Acc\u00e9dez \u00e0 l\u2019ensemble de vos cartes, et celles cr\u00e9\u00e9es par les administrateurs SIG pour vous<\/div>\n<div class=\"home_card_foot icon i_screen\" style=\"background-color:#a82e03;\"><\/div>\n<\/div>\n<div class=\"home_card_item target\" data-target-url=\"..\/portail\/index.php\/carto\/\" data-open-target-type=\"\">\n<h3 class=\"home_card_title\"><a href=\"..\/portail\/index.php\/carto\/\" target=\"\">Cartoth\u00e8que<\/a><\/h3>\n<div class=\"home_card_desc\">La cartoth\u00e8que vous permet de t\u00e9l\u00e9charger des cartographies th\u00e9matiques du d\u00e9partement au format PDF <\/div>\n<div class=\"home_card_foot icon i_gallery\" style=\"background-color:#a82e03;\"><\/div>\n<\/div>\n<div class=\"home_card_item target\" data-target-url=\"..\/portail\/index.php\/actualite\/\" data-open-target-type=\"\">\n<h3 class=\"home_card_title\"><a href=\"..\/portail\/index.php\/actualite\/\" target=\"\">Actualit\u00e9s<\/a><\/h3>\n<div class=\"home_card_desc\">Acc\u00e9dez aux actualit\u00e9s de la plate-forme<\/div>\n<div class=\"home_card_foot icon i_globe\" style=\"background-color:#a82e03;\"><\/div>\n<\/div>\n<div class=\"home_card_item target\" data-target-url=\"..\/portail\/index.php\/assistance-2\/\" data-open-target-type=\"\">\n<h3 class=\"home_card_title\"><a href=\"..\/portail\/index.php\/assistance-2\/\" target=\"\">Assistance<\/a><\/h3>\n<div class=\"home_card_desc\">Consultez l\u2019aide en ligne<\/div>\n<div class=\"home_card_foot icon i_lamp\" style=\"background-color:#a82e03;\"><\/div>\n<\/div>\n<\/div>\n<\/div>\n<\/div>\n","protected":false},"excerpt":{"rendered":"","protected":false},"author":2,"featured_media":0,"parent":0,"menu_order":0,"comment_status":"closed","ping_status":"closed","template":"page-home.php","meta":[],"_links":{"self":[{"href":"https:\/\/bdt.gers.fr\/portail\/wp-json\/wp\/v2\/pages\/26"}],"collection":[{"href":"https:\/\/bdt.gers.fr\/portail\/wp-json\/wp\/v2\/pages"}],"about":[{"href":"https:\/\/bdt.gers.fr\/portail\/wp-json\/wp\/v2\/types\/page"}],"author":[{"embeddable":true,"href":"https:\/\/bdt.gers.fr\/portail\/wp-json\/wp\/v2\/users\/2"}],"replies":[{"embeddable":true,"href":"https:\/\/bdt.gers.fr\/portail\/wp-json\/wp\/v2\/comments?post=26"}],"version-history":[{"count":35,"href":"https:\/\/bdt.gers.fr\/portail\/wp-json\/wp\/v2\/pages\/26\/revisions"}],"predecessor-version":[{"id":1258,"href":"https:\/\/bdt.gers.fr\/portail\/wp-json\/wp\/v2\/pages\/26\/revisions\/1258"}],"wp:attachment":[{"href":"https:\/\/bdt.gers.fr\/portail\/wp-json\/wp\/v2\/media?parent=26"}],"curies":[{"name":"wp","href":"https:\/\/api.w.org\/{rel}","templated":true}]}}