




{"id":216,"date":"2021-02-24T22:33:17","date_gmt":"2021-02-24T21:33:17","guid":{"rendered":"https:\/\/bdt.gers.fr\/portail\/?page_id=216"},"modified":"2021-04-23T12:15:27","modified_gmt":"2021-04-23T10:15:27","slug":"historique","status":"publish","type":"page","link":"https:\/\/bdt.gers.fr\/portail\/la-bdt\/historique\/","title":{"rendered":"Historique"},"content":{"rendered":"<p>En 2001<\/p>\n<p>Par d\u00e9lib\u00e9ration de la Comission Permanente du 28 septembre 2001 et du Conseil G\u00e9n\u00e9ral du 30 novembre 2001, le D\u00e9partement du Gers, d\u00e9cide de mettre en place un Syst\u00e8me d\u2019Information G\u00e9ographique (SIG) avec la double approche :<\/p>\n<ul>\n<li>d\u2019\u00e9quiper les services du D\u00e9partement en outils de gestion de leur patrimoine m\u00e9tier,<\/li>\n<li>d\u2019apporter aux territoires d\u00e9partementaux, communes, EPCI et Pays, des donn\u00e9es territoriales de r\u00e9f\u00e9rence, et en premier lieu un cadastre num\u00e9rique.<\/li>\n<\/ul>\n<p>28 mars 2003<\/p>\n<p>Une convention d\u00e9partementale est sign\u00e9e afin de lancer l\u2019op\u00e9ration de num\u00e9risation du cadastre et de cr\u00e9ation d\u2019une Banque de Donn\u00e9es Territoriales pour le Gers. Ce partenariat associe le D\u00e9partement du Gers, la Direction G\u00e9n\u00e9rale des Imp\u00f4ts, la Pr\u00e9fecture du Gers, l\u2019Institut G\u00e9ographique National, le Conseil R\u00e9gional de l\u2019Ordre des G\u00e9om\u00e8tres-Experts, la Chambre de Commerce et d\u2019Industrie du Gers, la SAFER Gascogne Haut-Languedoc.<\/p>\n<p>La ma\u00eetrise d\u2019ouvrage est assur\u00e9e par le D\u00e9partement du Gers et d\u00e9bute en 2004 dans sa phase op\u00e9rationnelle.<\/p>\n<p>Entre 2004 et 2006 : la premi\u00e8re phase de num\u00e9risation du cadastre<\/p>\n<p>Cette premi\u00e8re phase a concern\u00e9 190 communes gersoises pour 2220 planches. En 2004 seules trois communes disposaient d\u2019un cadastre num\u00e9rique.<\/p>\n<p>En 2005, une premi\u00e8re version d\u2019un outil internet de consultation des donn\u00e9es de la BDT32 est mis en place \u00e0 disposition des partenaires.<\/p>\n<p>Entre 2006 et 2010 : la seconde phase de num\u00e9risation du cadastre<\/p>\n<p>La seconde phase de num\u00e9risation a concern\u00e9 269 communes pour 3000 planches. Une commune a \u00e9t\u00e9 num\u00e9ris\u00e9e en r\u00e9gie par les services du Cadastre.<\/p>\n","protected":false},"excerpt":{"rendered":"<p>En 2001 Par d\u00e9lib\u00e9ration de la Comission Permanente du 28 septembre 2001 et du Conseil G\u00e9n\u00e9ral du 30 novembre 2001, le D\u00e9partement du Gers, d\u00e9cide de mettre en place un&#8230;<\/p>\n","protected":false},"author":2,"featured_media":0,"parent":215,"menu_order":130,"comment_status":"closed","ping_status":"closed","template":"","meta":[],"_links":{"self":[{"href":"https:\/\/bdt.gers.fr\/portail\/wp-json\/wp\/v2\/pages\/216"}],"collection":[{"href":"https:\/\/bdt.gers.fr\/portail\/wp-json\/wp\/v2\/pages"}],"about":[{"href":"https:\/\/bdt.gers.fr\/portail\/wp-json\/wp\/v2\/types\/page"}],"author":[{"embeddable":true,"href":"https:\/\/bdt.gers.fr\/portail\/wp-json\/wp\/v2\/users\/2"}],"replies":[{"embeddable":true,"href":"https:\/\/bdt.gers.fr\/portail\/wp-json\/wp\/v2\/comments?post=216"}],"version-history":[{"count":1,"href":"https:\/\/bdt.gers.fr\/portail\/wp-json\/wp\/v2\/pages\/216\/revisions"}],"predecessor-version":[{"id":217,"href":"https:\/\/bdt.gers.fr\/portail\/wp-json\/wp\/v2\/pages\/216\/revisions\/217"}],"up":[{"embeddable":true,"href":"https:\/\/bdt.gers.fr\/portail\/wp-json\/wp\/v2\/pages\/215"}],"wp:attachment":[{"href":"https:\/\/bdt.gers.fr\/portail\/wp-json\/wp\/v2\/media?parent=216"}],"curies":[{"name":"wp","href":"https:\/\/api.w.org\/{rel}","templated":true}]}}